{"id":99,"date":"2020-11-24T19:36:42","date_gmt":"2020-11-24T18:36:42","guid":{"rendered":"https:\/\/pw.inetcompany.de\/?page_id=99"},"modified":"2022-09-14T18:56:02","modified_gmt":"2022-09-14T16:56:02","slug":"baumaschinenanhaenger-35t","status":"publish","type":"page","link":"https:\/\/hg-weilermann.de\/?page_id=99","title":{"rendered":"Baumaschinenanh\u00e4nger 3,5t"},"content":{"rendered":"\n<p>Technische Daten:<br>Zul\u00e4ssiges Gesamtgewicht: ca. 3500 kg                                                                                                                                       Auflaufgebremst                                                                                                                                                                                                           Nutzlast\/maximale Zuladung: ca. 2.550 kg                                                            <br>Innenma\u00dfe (L\u00e4nge x Breite): ca. 3940 mm x 1800 mm<br><br><\/p>\n\n\n\n<p>Mietbedingungen:<br>Wir weisen ausdr\u00fccklich darauf hin, dass im Mietpreis nur die gesetzliche Hauptversicherung beinhaltet ist!<\/p>\n\n\n\n<p>Der Mieter haftet grunds\u00e4tzlich f\u00fcr die von ihm zu vertretenden Sch\u00e4den\/Diebstahl am Mietanh\u00e4nger in H\u00f6he des entstandenen Schadens sowie ggf. Abschleppkosten, Nutzungsausfall, Gutachten, Wertminderung.<\/p>\n\n\n\n<p>Ben\u00f6tigte Dokumente:<br>&#8211; Personalausweis<br>&#8211; F\u00fchrerschein<br>&#8211; Fahrzeugpapiere (vom Zugfahrzeug)<\/p>\n\n\n\n<p>Preis pro Tag: 50,- \u20ac inkl. MwSt.<br>Preis pro Woche: 150,- \u20ac inkl. MwSt.<br>Preis pro Monat: 320,- \u20ac inkl. MwSt.<\/p>\n\n\n\n<figure class=\"wp-block-gallery columns-3 is-cropped wp-block-gallery-1 is-layout-flex wp-block-gallery-is-layout-flex\"><ul class=\"blocks-gallery-grid\"><li class=\"blocks-gallery-item\"><figure><img loading=\"lazy\" decoding=\"async\" width=\"768\" height=\"1024\" src=\"https:\/\/hg-weilermann.de\/wp-content\/uploads\/2020\/11\/72-768x1024.jpg\" alt=\"\" data-id=\"102\" data-full-url=\"https:\/\/hg-weilermann.de\/wp-content\/uploads\/2020\/11\/72-rotated.jpg\" data-link=\"https:\/\/hg-weilermann.de\/?attachment_id=102#main\" class=\"wp-image-102\" srcset=\"https:\/\/hg-weilermann.de\/wp-content\/uploads\/2020\/11\/72-768x1024.jpg 768w, https:\/\/hg-weilermann.de\/wp-content\/uploads\/2020\/11\/72-225x300.jpg 225w, https:\/\/hg-weilermann.de\/wp-content\/uploads\/2020\/11\/72-1152x1536.jpg 1152w, https:\/\/hg-weilermann.de\/wp-content\/uploads\/2020\/11\/72-rotated.jpg 1200w\" sizes=\"auto, (max-width: 768px) 100vw, 768px\" \/><\/figure><\/li><li class=\"blocks-gallery-item\"><figure><img loading=\"lazy\" decoding=\"async\" width=\"1024\" height=\"422\" src=\"https:\/\/hg-weilermann.de\/wp-content\/uploads\/2020\/11\/70-e1616840250312-1024x422.jpg\" alt=\"\" data-id=\"100\" data-full-url=\"https:\/\/hg-weilermann.de\/wp-content\/uploads\/2020\/11\/70-e1616840250312.jpg\" data-link=\"https:\/\/hg-weilermann.de\/?attachment_id=100#main\" class=\"wp-image-100\" srcset=\"https:\/\/hg-weilermann.de\/wp-content\/uploads\/2020\/11\/70-e1616840250312-1024x422.jpg 1024w, https:\/\/hg-weilermann.de\/wp-content\/uploads\/2020\/11\/70-e1616840250312-300x124.jpg 300w, https:\/\/hg-weilermann.de\/wp-content\/uploads\/2020\/11\/70-e1616840250312-768x317.jpg 768w, https:\/\/hg-weilermann.de\/wp-content\/uploads\/2020\/11\/70-e1616840250312-1536x634.jpg 1536w, https:\/\/hg-weilermann.de\/wp-content\/uploads\/2020\/11\/70-e1616840250312.jpg 1600w\" sizes=\"auto, (max-width: 1024px) 100vw, 1024px\" \/><\/figure><\/li><li class=\"blocks-gallery-item\"><figure><img loading=\"lazy\" decoding=\"async\" width=\"768\" height=\"1024\" src=\"https:\/\/hg-weilermann.de\/wp-content\/uploads\/2020\/11\/72-768x1024.jpg\" alt=\"\" data-id=\"102\" data-full-url=\"https:\/\/hg-weilermann.de\/wp-content\/uploads\/2020\/11\/72-rotated.jpg\" data-link=\"https:\/\/hg-weilermann.de\/?attachment_id=102#main\" class=\"wp-image-102\" srcset=\"https:\/\/hg-weilermann.de\/wp-content\/uploads\/2020\/11\/72-768x1024.jpg 768w, https:\/\/hg-weilermann.de\/wp-content\/uploads\/2020\/11\/72-225x300.jpg 225w, https:\/\/hg-weilermann.de\/wp-content\/uploads\/2020\/11\/72-1152x1536.jpg 1152w, https:\/\/hg-weilermann.de\/wp-content\/uploads\/2020\/11\/72-rotated.jpg 1200w\" sizes=\"auto, (max-width: 768px) 100vw, 768px\" \/><\/figure><\/li><li class=\"blocks-gallery-item\"><figure><img loading=\"lazy\" decoding=\"async\" width=\"768\" height=\"1024\" src=\"https:\/\/hg-weilermann.de\/wp-content\/uploads\/2020\/11\/73-768x1024.jpg\" alt=\"\" data-id=\"103\" data-full-url=\"https:\/\/hg-weilermann.de\/wp-content\/uploads\/2020\/11\/73-rotated.jpg\" data-link=\"https:\/\/hg-weilermann.de\/?attachment_id=103#main\" class=\"wp-image-103\" srcset=\"https:\/\/hg-weilermann.de\/wp-content\/uploads\/2020\/11\/73-768x1024.jpg 768w, https:\/\/hg-weilermann.de\/wp-content\/uploads\/2020\/11\/73-225x300.jpg 225w, https:\/\/hg-weilermann.de\/wp-content\/uploads\/2020\/11\/73-1152x1536.jpg 1152w, https:\/\/hg-weilermann.de\/wp-content\/uploads\/2020\/11\/73-rotated.jpg 1200w\" sizes=\"auto, (max-width: 768px) 100vw, 768px\" \/><\/figure><\/li><\/ul><\/figure>\n","protected":false},"excerpt":{"rendered":"<p>Technische Daten:Zul\u00e4ssiges Gesamtgewicht: ca. 3500 kg Auflaufgebremst Nutzlast\/maximale Zuladung: ca. 2.550 kg Innenma\u00dfe (L\u00e4nge x Breite): ca. 3940 mm x 1800 mm Mietbedingungen:Wir weisen ausdr\u00fccklich darauf hin, dass im Mietpreis nur die gesetzliche Hauptversicherung beinhaltet ist! Der Mieter haftet grunds\u00e4tzlich f\u00fcr die von ihm zu vertretenden Sch\u00e4den\/Diebstahl am Mietanh\u00e4nger in H\u00f6he des entstandenen Schadens sowie ggf. Abschleppkosten, Nutzungsausfall, Gutachten, Wertminderung. Ben\u00f6tigte Dokumente:&#8211; Personalausweis&#8211; F\u00fchrerschein&#8211; Fahrzeugpapiere (vom Zugfahrzeug) Preis pro Tag: 50,- \u20ac inkl. MwSt.Preis pro Woche: 150,- \u20ac inkl. MwSt.Preis pro Monat: 320,- \u20ac inkl. MwSt.<\/p>\n","protected":false},"author":1,"featured_media":0,"parent":0,"menu_order":0,"comment_status":"closed","ping_status":"closed","template":"","meta":{"footnotes":""},"class_list":["post-99","page","type-page","status-publish","hentry"],"yoast_head":"<!-- This site is optimized with the Yoast SEO plugin v22.0 - https:\/\/yoast.com\/wordpress\/plugins\/seo\/ -->\n<title>Baumaschinenanh\u00e4nger 3,5t - Haus &amp; Garten Weilermann<\/title>\n<meta name=\"robots\" content=\"index, follow, max-snippet:-1, max-image-preview:large, max-video-preview:-1\" \/>\n<link rel=\"canonical\" href=\"https:\/\/hg-weilermann.de\/?page_id=99\" \/>\n<meta property=\"og:locale\" content=\"de_DE\" \/>\n<meta property=\"og:type\" content=\"article\" \/>\n<meta property=\"og:title\" content=\"Baumaschinenanh\u00e4nger 3,5t - Haus &amp; Garten Weilermann\" \/>\n<meta property=\"og:description\" content=\"Technische Daten:Zul\u00e4ssiges Gesamtgewicht: ca. 3500 kg Auflaufgebremst Nutzlast\/maximale Zuladung: ca. 2.550 kg Innenma\u00dfe (L\u00e4nge x Breite): ca. 3940 mm x 1800 mm Mietbedingungen:Wir weisen ausdr\u00fccklich darauf hin, dass im Mietpreis nur die gesetzliche Hauptversicherung beinhaltet ist! Der Mieter haftet grunds\u00e4tzlich f\u00fcr die von ihm zu vertretenden Sch\u00e4den\/Diebstahl am Mietanh\u00e4nger in H\u00f6he des entstandenen Schadens sowie ggf. Abschleppkosten, Nutzungsausfall, Gutachten, Wertminderung. Ben\u00f6tigte Dokumente:&#8211; Personalausweis&#8211; F\u00fchrerschein&#8211; Fahrzeugpapiere (vom Zugfahrzeug) Preis pro Tag: 50,- \u20ac inkl. MwSt.Preis pro Woche: 150,- \u20ac inkl. MwSt.Preis pro Monat: 320,- \u20ac inkl. MwSt.\" \/>\n<meta property=\"og:url\" content=\"https:\/\/hg-weilermann.de\/?page_id=99\" \/>\n<meta property=\"og:site_name\" content=\"Haus &amp; Garten Weilermann\" \/>\n<meta property=\"article:publisher\" content=\"https:\/\/www.facebook.com\/haus.garten.weilermann\" \/>\n<meta property=\"article:modified_time\" content=\"2022-09-14T16:56:02+00:00\" \/>\n<meta property=\"og:image\" content=\"https:\/\/hg-weilermann.de\/wp-content\/uploads\/2020\/11\/72-768x1024.jpg\" \/>\n<meta name=\"twitter:card\" content=\"summary_large_image\" \/>\n<script type=\"application\/ld+json\" class=\"yoast-schema-graph\">{\"@context\":\"https:\/\/schema.org\",\"@graph\":[{\"@type\":\"WebPage\",\"@id\":\"https:\/\/hg-weilermann.de\/?page_id=99\",\"url\":\"https:\/\/hg-weilermann.de\/?page_id=99\",\"name\":\"Baumaschinenanh\u00e4nger 3,5t - Haus &amp; Garten Weilermann\",\"isPartOf\":{\"@id\":\"https:\/\/hg-weilermann.de\/#website\"},\"datePublished\":\"2020-11-24T18:36:42+00:00\",\"dateModified\":\"2022-09-14T16:56:02+00:00\",\"breadcrumb\":{\"@id\":\"https:\/\/hg-weilermann.de\/?page_id=99#breadcrumb\"},\"inLanguage\":\"de\",\"potentialAction\":[{\"@type\":\"ReadAction\",\"target\":[\"https:\/\/hg-weilermann.de\/?page_id=99\"]}]},{\"@type\":\"BreadcrumbList\",\"@id\":\"https:\/\/hg-weilermann.de\/?page_id=99#breadcrumb\",\"itemListElement\":[{\"@type\":\"ListItem\",\"position\":1,\"name\":\"Startseite\",\"item\":\"https:\/\/hg-weilermann.de\/\"},{\"@type\":\"ListItem\",\"position\":2,\"name\":\"Baumaschinenanh\u00e4nger 3,5t\"}]},{\"@type\":\"WebSite\",\"@id\":\"https:\/\/hg-weilermann.de\/#website\",\"url\":\"https:\/\/hg-weilermann.de\/\",\"name\":\"Haus &amp; Garten Weilermann\",\"description\":\"Ihr Partner f\u00fcr\u00b4s Handwerk\",\"publisher\":{\"@id\":\"https:\/\/hg-weilermann.de\/#organization\"},\"potentialAction\":[{\"@type\":\"SearchAction\",\"target\":{\"@type\":\"EntryPoint\",\"urlTemplate\":\"https:\/\/hg-weilermann.de\/?s={search_term_string}\"},\"query-input\":\"required name=search_term_string\"}],\"inLanguage\":\"de\"},{\"@type\":\"Organization\",\"@id\":\"https:\/\/hg-weilermann.de\/#organization\",\"name\":\"Haus & Garten Weilermann\",\"url\":\"https:\/\/hg-weilermann.de\/\",\"logo\":{\"@type\":\"ImageObject\",\"inLanguage\":\"de\",\"@id\":\"https:\/\/hg-weilermann.de\/#\/schema\/logo\/image\/\",\"url\":\"https:\/\/hg-weilermann.de\/wp-content\/uploads\/2022\/09\/Weilermann_Logo_weisser-schatten-Baeume-Fenster-mod.png\",\"contentUrl\":\"https:\/\/hg-weilermann.de\/wp-content\/uploads\/2022\/09\/Weilermann_Logo_weisser-schatten-Baeume-Fenster-mod.png\",\"width\":3213,\"height\":1029,\"caption\":\"Haus & Garten Weilermann\"},\"image\":{\"@id\":\"https:\/\/hg-weilermann.de\/#\/schema\/logo\/image\/\"},\"sameAs\":[\"https:\/\/www.facebook.com\/haus.garten.weilermann\"]}]}<\/script>\n<!-- \/ Yoast SEO plugin. -->","yoast_head_json":{"title":"Baumaschinenanh\u00e4nger 3,5t - Haus &amp; Garten Weilermann","robots":{"index":"index","follow":"follow","max-snippet":"max-snippet:-1","max-image-preview":"max-image-preview:large","max-video-preview":"max-video-preview:-1"},"canonical":"https:\/\/hg-weilermann.de\/?page_id=99","og_locale":"de_DE","og_type":"article","og_title":"Baumaschinenanh\u00e4nger 3,5t - Haus &amp; Garten Weilermann","og_description":"Technische Daten:Zul\u00e4ssiges Gesamtgewicht: ca. 3500 kg Auflaufgebremst Nutzlast\/maximale Zuladung: ca. 2.550 kg Innenma\u00dfe (L\u00e4nge x Breite): ca. 3940 mm x 1800 mm Mietbedingungen:Wir weisen ausdr\u00fccklich darauf hin, dass im Mietpreis nur die gesetzliche Hauptversicherung beinhaltet ist! Der Mieter haftet grunds\u00e4tzlich f\u00fcr die von ihm zu vertretenden Sch\u00e4den\/Diebstahl am Mietanh\u00e4nger in H\u00f6he des entstandenen Schadens sowie ggf. Abschleppkosten, Nutzungsausfall, Gutachten, Wertminderung. Ben\u00f6tigte Dokumente:&#8211; Personalausweis&#8211; F\u00fchrerschein&#8211; Fahrzeugpapiere (vom Zugfahrzeug) Preis pro Tag: 50,- \u20ac inkl. MwSt.Preis pro Woche: 150,- \u20ac inkl. MwSt.Preis pro Monat: 320,- \u20ac inkl. MwSt.","og_url":"https:\/\/hg-weilermann.de\/?page_id=99","og_site_name":"Haus &amp; Garten Weilermann","article_publisher":"https:\/\/www.facebook.com\/haus.garten.weilermann","article_modified_time":"2022-09-14T16:56:02+00:00","og_image":[{"url":"https:\/\/hg-weilermann.de\/wp-content\/uploads\/2020\/11\/72-768x1024.jpg"}],"twitter_card":"summary_large_image","schema":{"@context":"https:\/\/schema.org","@graph":[{"@type":"WebPage","@id":"https:\/\/hg-weilermann.de\/?page_id=99","url":"https:\/\/hg-weilermann.de\/?page_id=99","name":"Baumaschinenanh\u00e4nger 3,5t - Haus &amp; Garten Weilermann","isPartOf":{"@id":"https:\/\/hg-weilermann.de\/#website"},"datePublished":"2020-11-24T18:36:42+00:00","dateModified":"2022-09-14T16:56:02+00:00","breadcrumb":{"@id":"https:\/\/hg-weilermann.de\/?page_id=99#breadcrumb"},"inLanguage":"de","potentialAction":[{"@type":"ReadAction","target":["https:\/\/hg-weilermann.de\/?page_id=99"]}]},{"@type":"BreadcrumbList","@id":"https:\/\/hg-weilermann.de\/?page_id=99#breadcrumb","itemListElement":[{"@type":"ListItem","position":1,"name":"Startseite","item":"https:\/\/hg-weilermann.de\/"},{"@type":"ListItem","position":2,"name":"Baumaschinenanh\u00e4nger 3,5t"}]},{"@type":"WebSite","@id":"https:\/\/hg-weilermann.de\/#website","url":"https:\/\/hg-weilermann.de\/","name":"Haus &amp; Garten Weilermann","description":"Ihr Partner f\u00fcr\u00b4s Handwerk","publisher":{"@id":"https:\/\/hg-weilermann.de\/#organization"},"potentialAction":[{"@type":"SearchAction","target":{"@type":"EntryPoint","urlTemplate":"https:\/\/hg-weilermann.de\/?s={search_term_string}"},"query-input":"required name=search_term_string"}],"inLanguage":"de"},{"@type":"Organization","@id":"https:\/\/hg-weilermann.de\/#organization","name":"Haus & Garten Weilermann","url":"https:\/\/hg-weilermann.de\/","logo":{"@type":"ImageObject","inLanguage":"de","@id":"https:\/\/hg-weilermann.de\/#\/schema\/logo\/image\/","url":"https:\/\/hg-weilermann.de\/wp-content\/uploads\/2022\/09\/Weilermann_Logo_weisser-schatten-Baeume-Fenster-mod.png","contentUrl":"https:\/\/hg-weilermann.de\/wp-content\/uploads\/2022\/09\/Weilermann_Logo_weisser-schatten-Baeume-Fenster-mod.png","width":3213,"height":1029,"caption":"Haus & Garten Weilermann"},"image":{"@id":"https:\/\/hg-weilermann.de\/#\/schema\/logo\/image\/"},"sameAs":["https:\/\/www.facebook.com\/haus.garten.weilermann"]}]}},"_links":{"self":[{"href":"https:\/\/hg-weilermann.de\/index.php?rest_route=\/wp\/v2\/pages\/99","targetHints":{"allow":["GET"]}}],"collection":[{"href":"https:\/\/hg-weilermann.de\/index.php?rest_route=\/wp\/v2\/pages"}],"about":[{"href":"https:\/\/hg-weilermann.de\/index.php?rest_route=\/wp\/v2\/types\/page"}],"author":[{"embeddable":true,"href":"https:\/\/hg-weilermann.de\/index.php?rest_route=\/wp\/v2\/users\/1"}],"replies":[{"embeddable":true,"href":"https:\/\/hg-weilermann.de\/index.php?rest_route=%2Fwp%2Fv2%2Fcomments&post=99"}],"version-history":[{"count":13,"href":"https:\/\/hg-weilermann.de\/index.php?rest_route=\/wp\/v2\/pages\/99\/revisions"}],"predecessor-version":[{"id":328,"href":"https:\/\/hg-weilermann.de\/index.php?rest_route=\/wp\/v2\/pages\/99\/revisions\/328"}],"wp:attachment":[{"href":"https:\/\/hg-weilermann.de\/index.php?rest_route=%2Fwp%2Fv2%2Fmedia&parent=99"}],"curies":[{"name":"wp","href":"https:\/\/api.w.org\/{rel}","templated":true}]}}