{"id":92,"date":"2020-11-24T19:26:20","date_gmt":"2020-11-24T18:26:20","guid":{"rendered":"https:\/\/pw.inetcompany.de\/?page_id=92"},"modified":"2022-09-14T18:40:34","modified_gmt":"2022-09-14T16:40:34","slug":"mauerschneidmaschine","status":"publish","type":"page","link":"https:\/\/hg-weilermann.de\/?page_id=92","title":{"rendered":"Mauerschneidmaschine"},"content":{"rendered":"\n<div class=\"wp-block-group is-layout-flow wp-block-group-is-layout-flow\"><div class=\"wp-block-group__inner-container\"><\/div><\/div>\n\n\n\n<p>Anwendung:<\/p>\n\n\n\n<p>Trennen von mineralischen Werkstoffen, wie z.B. Beton, Ziegel und Naturstein<\/p>\n\n\n\n<p><br>Durchbr\u00fcche in Mauerwerk<br>Wandausschnitte f\u00fcr Installationen<br>Schlitzen von Dehnungsfugen<br>Hoch- und Tiefbau, Bohr- und S\u00e4gebetriebe, Galabau<\/p>\n\n\n\n<p>Leistungsaufnahme<br>2.700 W<br>Nennspannung<br>230 V<br>Nenndrehzahl<br>2.200 U\/min<br>Werkzeugaufnahme<br>25,4 mm<br>max. Scheibendurchmesser<br>350 mm<br>max. Schnitttiefe<br>130 mm<br>Gewicht<br>12,9 kg<\/p>\n\n\n\n<p>Abnutzung des Diamant-S\u00e4geblatt wird separat berechnet. (1mm = 20,-\u20ac)<\/p>\n\n\n\n<div class=\"wp-block-image\"><figure class=\"aligncenter size-large is-resized\"><img loading=\"lazy\" decoding=\"async\" src=\"https:\/\/pw.inetcompany.de\/wp-content\/uploads\/2020\/12\/57-edited.jpg\" alt=\"\" class=\"wp-image-150\" width=\"571\" height=\"428\" srcset=\"https:\/\/hg-weilermann.de\/wp-content\/uploads\/2020\/12\/57-edited.jpg 960w, https:\/\/hg-weilermann.de\/wp-content\/uploads\/2020\/12\/57-edited-300x225.jpg 300w, https:\/\/hg-weilermann.de\/wp-content\/uploads\/2020\/12\/57-edited-768x575.jpg 768w\" sizes=\"auto, (max-width: 571px) 100vw, 571px\" \/><\/figure><\/div>\n\n\n\n<figure class=\"wp-block-gallery columns-3 is-cropped wp-block-gallery-1 is-layout-flex wp-block-gallery-is-layout-flex\"><ul class=\"blocks-gallery-grid\"><li class=\"blocks-gallery-item\"><figure><img loading=\"lazy\" decoding=\"async\" width=\"768\" height=\"1024\" src=\"https:\/\/pw.inetcompany.de\/wp-content\/uploads\/2020\/11\/60-768x1024.jpg\" alt=\"\" data-id=\"96\" data-full-url=\"https:\/\/pw.inetcompany.de\/wp-content\/uploads\/2020\/11\/60.jpg\" data-link=\"https:\/\/pw.inetcompany.de\/?attachment_id=96\" class=\"wp-image-96\" srcset=\"https:\/\/hg-weilermann.de\/wp-content\/uploads\/2020\/11\/60-768x1024.jpg 768w, https:\/\/hg-weilermann.de\/wp-content\/uploads\/2020\/11\/60-225x300.jpg 225w, https:\/\/hg-weilermann.de\/wp-content\/uploads\/2020\/11\/60-1152x1536.jpg 1152w, https:\/\/hg-weilermann.de\/wp-content\/uploads\/2020\/11\/60.jpg 1200w\" sizes=\"auto, (max-width: 768px) 100vw, 768px\" \/><\/figure><\/li><li class=\"blocks-gallery-item\"><figure><img loading=\"lazy\" decoding=\"async\" width=\"1024\" height=\"768\" src=\"https:\/\/pw.inetcompany.de\/wp-content\/uploads\/2020\/11\/58-1024x768.jpg\" alt=\"\" data-id=\"94\" data-full-url=\"https:\/\/pw.inetcompany.de\/wp-content\/uploads\/2020\/11\/58.jpg\" data-link=\"https:\/\/pw.inetcompany.de\/?attachment_id=94\" class=\"wp-image-94\" srcset=\"https:\/\/hg-weilermann.de\/wp-content\/uploads\/2020\/11\/58-1024x768.jpg 1024w, https:\/\/hg-weilermann.de\/wp-content\/uploads\/2020\/11\/58-300x225.jpg 300w, https:\/\/hg-weilermann.de\/wp-content\/uploads\/2020\/11\/58-768x576.jpg 768w, https:\/\/hg-weilermann.de\/wp-content\/uploads\/2020\/11\/58-1536x1152.jpg 1536w, https:\/\/hg-weilermann.de\/wp-content\/uploads\/2020\/11\/58.jpg 1600w\" sizes=\"auto, (max-width: 1024px) 100vw, 1024px\" \/><\/figure><\/li><li class=\"blocks-gallery-item\"><figure><img loading=\"lazy\" decoding=\"async\" width=\"1024\" height=\"768\" src=\"https:\/\/pw.inetcompany.de\/wp-content\/uploads\/2020\/11\/59-1024x768.jpg\" alt=\"\" data-id=\"95\" data-full-url=\"https:\/\/pw.inetcompany.de\/wp-content\/uploads\/2020\/11\/59.jpg\" data-link=\"https:\/\/pw.inetcompany.de\/?attachment_id=95\" class=\"wp-image-95\" srcset=\"https:\/\/hg-weilermann.de\/wp-content\/uploads\/2020\/11\/59-1024x768.jpg 1024w, https:\/\/hg-weilermann.de\/wp-content\/uploads\/2020\/11\/59-300x225.jpg 300w, https:\/\/hg-weilermann.de\/wp-content\/uploads\/2020\/11\/59-768x576.jpg 768w, https:\/\/hg-weilermann.de\/wp-content\/uploads\/2020\/11\/59-1536x1152.jpg 1536w, https:\/\/hg-weilermann.de\/wp-content\/uploads\/2020\/11\/59.jpg 1600w\" sizes=\"auto, (max-width: 1024px) 100vw, 1024px\" \/><\/figure><\/li><\/ul><\/figure>\n","protected":false},"excerpt":{"rendered":"<p>Anwendung: Trennen von mineralischen Werkstoffen, wie z.B. Beton, Ziegel und Naturstein Durchbr\u00fcche in MauerwerkWandausschnitte f\u00fcr InstallationenSchlitzen von DehnungsfugenHoch- und Tiefbau, Bohr- und S\u00e4gebetriebe, Galabau Leistungsaufnahme2.700 WNennspannung230 VNenndrehzahl2.200 U\/minWerkzeugaufnahme25,4 mmmax. Scheibendurchmesser350 mmmax. Schnitttiefe130 mmGewicht12,9 kg Abnutzung des Diamant-S\u00e4geblatt wird separat berechnet. (1mm = 20,-\u20ac)<\/p>\n","protected":false},"author":1,"featured_media":0,"parent":0,"menu_order":0,"comment_status":"closed","ping_status":"closed","template":"","meta":{"footnotes":""},"class_list":["post-92","page","type-page","status-publish","hentry"],"yoast_head":"<!-- This site is optimized with the Yoast SEO plugin v22.0 - https:\/\/yoast.com\/wordpress\/plugins\/seo\/ -->\n<title>Mauerschneidmaschine - Haus &amp; Garten Weilermann<\/title>\n<meta name=\"robots\" content=\"index, follow, max-snippet:-1, max-image-preview:large, max-video-preview:-1\" \/>\n<link rel=\"canonical\" href=\"https:\/\/hg-weilermann.de\/?page_id=92\" \/>\n<meta property=\"og:locale\" content=\"de_DE\" \/>\n<meta property=\"og:type\" content=\"article\" \/>\n<meta property=\"og:title\" content=\"Mauerschneidmaschine - Haus &amp; Garten Weilermann\" \/>\n<meta property=\"og:description\" content=\"Anwendung: Trennen von mineralischen Werkstoffen, wie z.B. Beton, Ziegel und Naturstein Durchbr\u00fcche in MauerwerkWandausschnitte f\u00fcr InstallationenSchlitzen von DehnungsfugenHoch- und Tiefbau, Bohr- und S\u00e4gebetriebe, Galabau Leistungsaufnahme2.700 WNennspannung230 VNenndrehzahl2.200 U\/minWerkzeugaufnahme25,4 mmmax. Scheibendurchmesser350 mmmax. Schnitttiefe130 mmGewicht12,9 kg Abnutzung des Diamant-S\u00e4geblatt wird separat berechnet. (1mm = 20,-\u20ac)\" \/>\n<meta property=\"og:url\" content=\"https:\/\/hg-weilermann.de\/?page_id=92\" \/>\n<meta property=\"og:site_name\" content=\"Haus &amp; Garten Weilermann\" \/>\n<meta property=\"article:publisher\" content=\"https:\/\/www.facebook.com\/haus.garten.weilermann\" \/>\n<meta property=\"article:modified_time\" content=\"2022-09-14T16:40:34+00:00\" \/>\n<meta property=\"og:image\" content=\"https:\/\/pw.inetcompany.de\/wp-content\/uploads\/2020\/12\/57-edited.jpg\" \/>\n<meta name=\"twitter:card\" content=\"summary_large_image\" \/>\n<script type=\"application\/ld+json\" class=\"yoast-schema-graph\">{\"@context\":\"https:\/\/schema.org\",\"@graph\":[{\"@type\":\"WebPage\",\"@id\":\"https:\/\/hg-weilermann.de\/?page_id=92\",\"url\":\"https:\/\/hg-weilermann.de\/?page_id=92\",\"name\":\"Mauerschneidmaschine - Haus &amp; Garten Weilermann\",\"isPartOf\":{\"@id\":\"https:\/\/hg-weilermann.de\/#website\"},\"datePublished\":\"2020-11-24T18:26:20+00:00\",\"dateModified\":\"2022-09-14T16:40:34+00:00\",\"breadcrumb\":{\"@id\":\"https:\/\/hg-weilermann.de\/?page_id=92#breadcrumb\"},\"inLanguage\":\"de\",\"potentialAction\":[{\"@type\":\"ReadAction\",\"target\":[\"https:\/\/hg-weilermann.de\/?page_id=92\"]}]},{\"@type\":\"BreadcrumbList\",\"@id\":\"https:\/\/hg-weilermann.de\/?page_id=92#breadcrumb\",\"itemListElement\":[{\"@type\":\"ListItem\",\"position\":1,\"name\":\"Startseite\",\"item\":\"https:\/\/hg-weilermann.de\/\"},{\"@type\":\"ListItem\",\"position\":2,\"name\":\"Mauerschneidmaschine\"}]},{\"@type\":\"WebSite\",\"@id\":\"https:\/\/hg-weilermann.de\/#website\",\"url\":\"https:\/\/hg-weilermann.de\/\",\"name\":\"Haus &amp; Garten Weilermann\",\"description\":\"Ihr Partner f\u00fcr\u00b4s Handwerk\",\"publisher\":{\"@id\":\"https:\/\/hg-weilermann.de\/#organization\"},\"potentialAction\":[{\"@type\":\"SearchAction\",\"target\":{\"@type\":\"EntryPoint\",\"urlTemplate\":\"https:\/\/hg-weilermann.de\/?s={search_term_string}\"},\"query-input\":\"required name=search_term_string\"}],\"inLanguage\":\"de\"},{\"@type\":\"Organization\",\"@id\":\"https:\/\/hg-weilermann.de\/#organization\",\"name\":\"Haus & Garten Weilermann\",\"url\":\"https:\/\/hg-weilermann.de\/\",\"logo\":{\"@type\":\"ImageObject\",\"inLanguage\":\"de\",\"@id\":\"https:\/\/hg-weilermann.de\/#\/schema\/logo\/image\/\",\"url\":\"https:\/\/hg-weilermann.de\/wp-content\/uploads\/2022\/09\/Weilermann_Logo_weisser-schatten-Baeume-Fenster-mod.png\",\"contentUrl\":\"https:\/\/hg-weilermann.de\/wp-content\/uploads\/2022\/09\/Weilermann_Logo_weisser-schatten-Baeume-Fenster-mod.png\",\"width\":3213,\"height\":1029,\"caption\":\"Haus & Garten Weilermann\"},\"image\":{\"@id\":\"https:\/\/hg-weilermann.de\/#\/schema\/logo\/image\/\"},\"sameAs\":[\"https:\/\/www.facebook.com\/haus.garten.weilermann\"]}]}<\/script>\n<!-- \/ Yoast SEO plugin. -->","yoast_head_json":{"title":"Mauerschneidmaschine - Haus &amp; Garten Weilermann","robots":{"index":"index","follow":"follow","max-snippet":"max-snippet:-1","max-image-preview":"max-image-preview:large","max-video-preview":"max-video-preview:-1"},"canonical":"https:\/\/hg-weilermann.de\/?page_id=92","og_locale":"de_DE","og_type":"article","og_title":"Mauerschneidmaschine - Haus &amp; Garten Weilermann","og_description":"Anwendung: Trennen von mineralischen Werkstoffen, wie z.B. Beton, Ziegel und Naturstein Durchbr\u00fcche in MauerwerkWandausschnitte f\u00fcr InstallationenSchlitzen von DehnungsfugenHoch- und Tiefbau, Bohr- und S\u00e4gebetriebe, Galabau Leistungsaufnahme2.700 WNennspannung230 VNenndrehzahl2.200 U\/minWerkzeugaufnahme25,4 mmmax. Scheibendurchmesser350 mmmax. Schnitttiefe130 mmGewicht12,9 kg Abnutzung des Diamant-S\u00e4geblatt wird separat berechnet. (1mm = 20,-\u20ac)","og_url":"https:\/\/hg-weilermann.de\/?page_id=92","og_site_name":"Haus &amp; Garten Weilermann","article_publisher":"https:\/\/www.facebook.com\/haus.garten.weilermann","article_modified_time":"2022-09-14T16:40:34+00:00","og_image":[{"url":"https:\/\/pw.inetcompany.de\/wp-content\/uploads\/2020\/12\/57-edited.jpg"}],"twitter_card":"summary_large_image","schema":{"@context":"https:\/\/schema.org","@graph":[{"@type":"WebPage","@id":"https:\/\/hg-weilermann.de\/?page_id=92","url":"https:\/\/hg-weilermann.de\/?page_id=92","name":"Mauerschneidmaschine - Haus &amp; Garten Weilermann","isPartOf":{"@id":"https:\/\/hg-weilermann.de\/#website"},"datePublished":"2020-11-24T18:26:20+00:00","dateModified":"2022-09-14T16:40:34+00:00","breadcrumb":{"@id":"https:\/\/hg-weilermann.de\/?page_id=92#breadcrumb"},"inLanguage":"de","potentialAction":[{"@type":"ReadAction","target":["https:\/\/hg-weilermann.de\/?page_id=92"]}]},{"@type":"BreadcrumbList","@id":"https:\/\/hg-weilermann.de\/?page_id=92#breadcrumb","itemListElement":[{"@type":"ListItem","position":1,"name":"Startseite","item":"https:\/\/hg-weilermann.de\/"},{"@type":"ListItem","position":2,"name":"Mauerschneidmaschine"}]},{"@type":"WebSite","@id":"https:\/\/hg-weilermann.de\/#website","url":"https:\/\/hg-weilermann.de\/","name":"Haus &amp; Garten Weilermann","description":"Ihr Partner f\u00fcr\u00b4s Handwerk","publisher":{"@id":"https:\/\/hg-weilermann.de\/#organization"},"potentialAction":[{"@type":"SearchAction","target":{"@type":"EntryPoint","urlTemplate":"https:\/\/hg-weilermann.de\/?s={search_term_string}"},"query-input":"required name=search_term_string"}],"inLanguage":"de"},{"@type":"Organization","@id":"https:\/\/hg-weilermann.de\/#organization","name":"Haus & Garten Weilermann","url":"https:\/\/hg-weilermann.de\/","logo":{"@type":"ImageObject","inLanguage":"de","@id":"https:\/\/hg-weilermann.de\/#\/schema\/logo\/image\/","url":"https:\/\/hg-weilermann.de\/wp-content\/uploads\/2022\/09\/Weilermann_Logo_weisser-schatten-Baeume-Fenster-mod.png","contentUrl":"https:\/\/hg-weilermann.de\/wp-content\/uploads\/2022\/09\/Weilermann_Logo_weisser-schatten-Baeume-Fenster-mod.png","width":3213,"height":1029,"caption":"Haus & Garten Weilermann"},"image":{"@id":"https:\/\/hg-weilermann.de\/#\/schema\/logo\/image\/"},"sameAs":["https:\/\/www.facebook.com\/haus.garten.weilermann"]}]}},"_links":{"self":[{"href":"https:\/\/hg-weilermann.de\/index.php?rest_route=\/wp\/v2\/pages\/92","targetHints":{"allow":["GET"]}}],"collection":[{"href":"https:\/\/hg-weilermann.de\/index.php?rest_route=\/wp\/v2\/pages"}],"about":[{"href":"https:\/\/hg-weilermann.de\/index.php?rest_route=\/wp\/v2\/types\/page"}],"author":[{"embeddable":true,"href":"https:\/\/hg-weilermann.de\/index.php?rest_route=\/wp\/v2\/users\/1"}],"replies":[{"embeddable":true,"href":"https:\/\/hg-weilermann.de\/index.php?rest_route=%2Fwp%2Fv2%2Fcomments&post=92"}],"version-history":[{"count":9,"href":"https:\/\/hg-weilermann.de\/index.php?rest_route=\/wp\/v2\/pages\/92\/revisions"}],"predecessor-version":[{"id":313,"href":"https:\/\/hg-weilermann.de\/index.php?rest_route=\/wp\/v2\/pages\/92\/revisions\/313"}],"wp:attachment":[{"href":"https:\/\/hg-weilermann.de\/index.php?rest_route=%2Fwp%2Fv2%2Fmedia&parent=92"}],"curies":[{"name":"wp","href":"https:\/\/api.w.org\/{rel}","templated":true}]}}