{"id":77,"date":"2020-11-23T20:38:11","date_gmt":"2020-11-23T19:38:11","guid":{"rendered":"https:\/\/pw.inetcompany.de\/?page_id=77"},"modified":"2021-05-02T15:50:30","modified_gmt":"2021-05-02T13:50:30","slug":"projekt-2","status":"publish","type":"page","link":"https:\/\/hg-weilermann.de\/?page_id=77","title":{"rendered":"Pflaster und Natursteinmauer"},"content":{"rendered":"\n<p>Die Natursteinmauer wurde verklebt und mit einer Drainage &amp; Noppenfolie versehen. Sie dient somit als St\u00fctzmauer f\u00fcr den Hang. Die Pflaster wurden nach der Errichtung der St\u00fctzmauer eingepasst und verlegt. Die Rundung stellt f\u00fcr uns bei Pflaster arbeiten kein Problem dar sondern geh\u00f6rt zum Standard unserer Verlegearbeit. <\/p>\n\n\n\n<figure class=\"wp-block-gallery columns-2 is-cropped wp-block-gallery-1 is-layout-flex wp-block-gallery-is-layout-flex\"><ul class=\"blocks-gallery-grid\"><li class=\"blocks-gallery-item\"><figure><img loading=\"lazy\" decoding=\"async\" width=\"2560\" height=\"1920\" src=\"https:\/\/hg-weilermann.de\/wp-content\/uploads\/2021\/05\/IMG_6073-scaled.jpg\" alt=\"\" data-id=\"250\" data-full-url=\"https:\/\/hg-weilermann.de\/wp-content\/uploads\/2021\/05\/IMG_6073-scaled.jpg\" data-link=\"https:\/\/hg-weilermann.de\/?attachment_id=250#main\" class=\"wp-image-250\" srcset=\"https:\/\/hg-weilermann.de\/wp-content\/uploads\/2021\/05\/IMG_6073-scaled.jpg 2560w, https:\/\/hg-weilermann.de\/wp-content\/uploads\/2021\/05\/IMG_6073-300x225.jpg 300w, https:\/\/hg-weilermann.de\/wp-content\/uploads\/2021\/05\/IMG_6073-1024x768.jpg 1024w, https:\/\/hg-weilermann.de\/wp-content\/uploads\/2021\/05\/IMG_6073-768x576.jpg 768w, https:\/\/hg-weilermann.de\/wp-content\/uploads\/2021\/05\/IMG_6073-1536x1152.jpg 1536w, https:\/\/hg-weilermann.de\/wp-content\/uploads\/2021\/05\/IMG_6073-2048x1536.jpg 2048w\" sizes=\"auto, (max-width: 2560px) 100vw, 2560px\" \/><\/figure><\/li><li class=\"blocks-gallery-item\"><figure><img loading=\"lazy\" decoding=\"async\" width=\"2560\" height=\"1920\" src=\"https:\/\/hg-weilermann.de\/wp-content\/uploads\/2021\/05\/IMG_6099-scaled.jpg\" alt=\"\" data-id=\"251\" data-full-url=\"https:\/\/hg-weilermann.de\/wp-content\/uploads\/2021\/05\/IMG_6099-scaled.jpg\" data-link=\"https:\/\/hg-weilermann.de\/?attachment_id=251#main\" class=\"wp-image-251\" srcset=\"https:\/\/hg-weilermann.de\/wp-content\/uploads\/2021\/05\/IMG_6099-scaled.jpg 2560w, https:\/\/hg-weilermann.de\/wp-content\/uploads\/2021\/05\/IMG_6099-300x225.jpg 300w, https:\/\/hg-weilermann.de\/wp-content\/uploads\/2021\/05\/IMG_6099-1024x768.jpg 1024w, https:\/\/hg-weilermann.de\/wp-content\/uploads\/2021\/05\/IMG_6099-768x576.jpg 768w, https:\/\/hg-weilermann.de\/wp-content\/uploads\/2021\/05\/IMG_6099-1536x1152.jpg 1536w, https:\/\/hg-weilermann.de\/wp-content\/uploads\/2021\/05\/IMG_6099-2048x1536.jpg 2048w\" sizes=\"auto, (max-width: 2560px) 100vw, 2560px\" \/><\/figure><\/li><li class=\"blocks-gallery-item\"><figure><img loading=\"lazy\" decoding=\"async\" width=\"2560\" height=\"1920\" src=\"https:\/\/hg-weilermann.de\/wp-content\/uploads\/2021\/05\/IMG_6102-scaled.jpg\" alt=\"\" data-id=\"252\" data-full-url=\"https:\/\/hg-weilermann.de\/wp-content\/uploads\/2021\/05\/IMG_6102-scaled.jpg\" data-link=\"https:\/\/hg-weilermann.de\/?attachment_id=252#main\" class=\"wp-image-252\" srcset=\"https:\/\/hg-weilermann.de\/wp-content\/uploads\/2021\/05\/IMG_6102-scaled.jpg 2560w, https:\/\/hg-weilermann.de\/wp-content\/uploads\/2021\/05\/IMG_6102-300x225.jpg 300w, https:\/\/hg-weilermann.de\/wp-content\/uploads\/2021\/05\/IMG_6102-1024x768.jpg 1024w, https:\/\/hg-weilermann.de\/wp-content\/uploads\/2021\/05\/IMG_6102-768x576.jpg 768w, https:\/\/hg-weilermann.de\/wp-content\/uploads\/2021\/05\/IMG_6102-1536x1152.jpg 1536w, https:\/\/hg-weilermann.de\/wp-content\/uploads\/2021\/05\/IMG_6102-2048x1536.jpg 2048w\" sizes=\"auto, (max-width: 2560px) 100vw, 2560px\" \/><\/figure><\/li><li class=\"blocks-gallery-item\"><figure><img loading=\"lazy\" decoding=\"async\" width=\"1920\" height=\"2560\" src=\"https:\/\/hg-weilermann.de\/wp-content\/uploads\/2021\/05\/IMG_6104-scaled.jpg\" alt=\"\" data-id=\"253\" data-full-url=\"https:\/\/hg-weilermann.de\/wp-content\/uploads\/2021\/05\/IMG_6104-scaled.jpg\" data-link=\"https:\/\/hg-weilermann.de\/?attachment_id=253#main\" class=\"wp-image-253\" srcset=\"https:\/\/hg-weilermann.de\/wp-content\/uploads\/2021\/05\/IMG_6104-scaled.jpg 1920w, https:\/\/hg-weilermann.de\/wp-content\/uploads\/2021\/05\/IMG_6104-225x300.jpg 225w, https:\/\/hg-weilermann.de\/wp-content\/uploads\/2021\/05\/IMG_6104-768x1024.jpg 768w, https:\/\/hg-weilermann.de\/wp-content\/uploads\/2021\/05\/IMG_6104-1152x1536.jpg 1152w, https:\/\/hg-weilermann.de\/wp-content\/uploads\/2021\/05\/IMG_6104-1536x2048.jpg 1536w\" sizes=\"auto, (max-width: 1920px) 100vw, 1920px\" \/><\/figure><\/li><li class=\"blocks-gallery-item\"><figure><img loading=\"lazy\" decoding=\"async\" width=\"1920\" height=\"2560\" src=\"https:\/\/hg-weilermann.de\/wp-content\/uploads\/2021\/05\/IMG_6106-scaled.jpg\" alt=\"\" data-id=\"254\" data-full-url=\"https:\/\/hg-weilermann.de\/wp-content\/uploads\/2021\/05\/IMG_6106-scaled.jpg\" data-link=\"https:\/\/hg-weilermann.de\/?attachment_id=254#main\" class=\"wp-image-254\" srcset=\"https:\/\/hg-weilermann.de\/wp-content\/uploads\/2021\/05\/IMG_6106-scaled.jpg 1920w, https:\/\/hg-weilermann.de\/wp-content\/uploads\/2021\/05\/IMG_6106-225x300.jpg 225w, https:\/\/hg-weilermann.de\/wp-content\/uploads\/2021\/05\/IMG_6106-768x1024.jpg 768w, https:\/\/hg-weilermann.de\/wp-content\/uploads\/2021\/05\/IMG_6106-1152x1536.jpg 1152w, https:\/\/hg-weilermann.de\/wp-content\/uploads\/2021\/05\/IMG_6106-1536x2048.jpg 1536w\" sizes=\"auto, (max-width: 1920px) 100vw, 1920px\" \/><\/figure><\/li><li class=\"blocks-gallery-item\"><figure><img loading=\"lazy\" decoding=\"async\" width=\"1920\" height=\"2560\" src=\"https:\/\/hg-weilermann.de\/wp-content\/uploads\/2021\/05\/IMG_6107-scaled.jpg\" alt=\"\" data-id=\"255\" data-full-url=\"https:\/\/hg-weilermann.de\/wp-content\/uploads\/2021\/05\/IMG_6107-scaled.jpg\" data-link=\"https:\/\/hg-weilermann.de\/?attachment_id=255#main\" class=\"wp-image-255\" srcset=\"https:\/\/hg-weilermann.de\/wp-content\/uploads\/2021\/05\/IMG_6107-scaled.jpg 1920w, https:\/\/hg-weilermann.de\/wp-content\/uploads\/2021\/05\/IMG_6107-225x300.jpg 225w, https:\/\/hg-weilermann.de\/wp-content\/uploads\/2021\/05\/IMG_6107-768x1024.jpg 768w, https:\/\/hg-weilermann.de\/wp-content\/uploads\/2021\/05\/IMG_6107-1152x1536.jpg 1152w, https:\/\/hg-weilermann.de\/wp-content\/uploads\/2021\/05\/IMG_6107-1536x2048.jpg 1536w\" sizes=\"auto, (max-width: 1920px) 100vw, 1920px\" \/><\/figure><\/li><\/ul><\/figure>\n\n\n\n<p><\/p>\n","protected":false},"excerpt":{"rendered":"<p>Die Natursteinmauer wurde verklebt und mit einer Drainage &amp; Noppenfolie versehen. Sie dient somit als St\u00fctzmauer f\u00fcr den Hang. Die Pflaster wurden nach der Errichtung der St\u00fctzmauer eingepasst und verlegt. Die Rundung stellt f\u00fcr uns bei Pflaster arbeiten kein Problem dar sondern geh\u00f6rt zum Standard unserer Verlegearbeit.<\/p>\n","protected":false},"author":1,"featured_media":0,"parent":0,"menu_order":0,"comment_status":"closed","ping_status":"closed","template":"","meta":{"footnotes":""},"class_list":["post-77","page","type-page","status-publish","hentry"],"yoast_head":"<!-- This site is optimized with the Yoast SEO plugin v22.0 - https:\/\/yoast.com\/wordpress\/plugins\/seo\/ -->\n<title>Pflaster und Natursteinmauer - Haus &amp; Garten Weilermann<\/title>\n<meta name=\"robots\" content=\"index, follow, max-snippet:-1, max-image-preview:large, max-video-preview:-1\" \/>\n<link rel=\"canonical\" href=\"https:\/\/hg-weilermann.de\/?page_id=77\" \/>\n<meta property=\"og:locale\" content=\"de_DE\" \/>\n<meta property=\"og:type\" content=\"article\" \/>\n<meta property=\"og:title\" content=\"Pflaster und Natursteinmauer - Haus &amp; Garten Weilermann\" \/>\n<meta property=\"og:description\" content=\"Die Natursteinmauer wurde verklebt und mit einer Drainage &amp; Noppenfolie versehen. Sie dient somit als St\u00fctzmauer f\u00fcr den Hang. Die Pflaster wurden nach der Errichtung der St\u00fctzmauer eingepasst und verlegt. Die Rundung stellt f\u00fcr uns bei Pflaster arbeiten kein Problem dar sondern geh\u00f6rt zum Standard unserer Verlegearbeit.\" \/>\n<meta property=\"og:url\" content=\"https:\/\/hg-weilermann.de\/?page_id=77\" \/>\n<meta property=\"og:site_name\" content=\"Haus &amp; Garten Weilermann\" \/>\n<meta property=\"article:publisher\" content=\"https:\/\/www.facebook.com\/haus.garten.weilermann\" \/>\n<meta property=\"article:modified_time\" content=\"2021-05-02T13:50:30+00:00\" \/>\n<meta property=\"og:image\" content=\"https:\/\/hg-weilermann.de\/wp-content\/uploads\/2021\/05\/IMG_6073-scaled.jpg\" \/>\n<meta name=\"twitter:card\" content=\"summary_large_image\" \/>\n<script type=\"application\/ld+json\" class=\"yoast-schema-graph\">{\"@context\":\"https:\/\/schema.org\",\"@graph\":[{\"@type\":\"WebPage\",\"@id\":\"https:\/\/hg-weilermann.de\/?page_id=77\",\"url\":\"https:\/\/hg-weilermann.de\/?page_id=77\",\"name\":\"Pflaster und Natursteinmauer - Haus &amp; Garten Weilermann\",\"isPartOf\":{\"@id\":\"https:\/\/hg-weilermann.de\/#website\"},\"datePublished\":\"2020-11-23T19:38:11+00:00\",\"dateModified\":\"2021-05-02T13:50:30+00:00\",\"breadcrumb\":{\"@id\":\"https:\/\/hg-weilermann.de\/?page_id=77#breadcrumb\"},\"inLanguage\":\"de\",\"potentialAction\":[{\"@type\":\"ReadAction\",\"target\":[\"https:\/\/hg-weilermann.de\/?page_id=77\"]}]},{\"@type\":\"BreadcrumbList\",\"@id\":\"https:\/\/hg-weilermann.de\/?page_id=77#breadcrumb\",\"itemListElement\":[{\"@type\":\"ListItem\",\"position\":1,\"name\":\"Startseite\",\"item\":\"https:\/\/hg-weilermann.de\/\"},{\"@type\":\"ListItem\",\"position\":2,\"name\":\"Pflaster und Natursteinmauer\"}]},{\"@type\":\"WebSite\",\"@id\":\"https:\/\/hg-weilermann.de\/#website\",\"url\":\"https:\/\/hg-weilermann.de\/\",\"name\":\"Haus &amp; Garten Weilermann\",\"description\":\"Ihr Partner f\u00fcr\u00b4s Handwerk\",\"publisher\":{\"@id\":\"https:\/\/hg-weilermann.de\/#organization\"},\"potentialAction\":[{\"@type\":\"SearchAction\",\"target\":{\"@type\":\"EntryPoint\",\"urlTemplate\":\"https:\/\/hg-weilermann.de\/?s={search_term_string}\"},\"query-input\":\"required name=search_term_string\"}],\"inLanguage\":\"de\"},{\"@type\":\"Organization\",\"@id\":\"https:\/\/hg-weilermann.de\/#organization\",\"name\":\"Haus & Garten Weilermann\",\"url\":\"https:\/\/hg-weilermann.de\/\",\"logo\":{\"@type\":\"ImageObject\",\"inLanguage\":\"de\",\"@id\":\"https:\/\/hg-weilermann.de\/#\/schema\/logo\/image\/\",\"url\":\"https:\/\/hg-weilermann.de\/wp-content\/uploads\/2022\/09\/Weilermann_Logo_weisser-schatten-Baeume-Fenster-mod.png\",\"contentUrl\":\"https:\/\/hg-weilermann.de\/wp-content\/uploads\/2022\/09\/Weilermann_Logo_weisser-schatten-Baeume-Fenster-mod.png\",\"width\":3213,\"height\":1029,\"caption\":\"Haus & Garten Weilermann\"},\"image\":{\"@id\":\"https:\/\/hg-weilermann.de\/#\/schema\/logo\/image\/\"},\"sameAs\":[\"https:\/\/www.facebook.com\/haus.garten.weilermann\"]}]}<\/script>\n<!-- \/ Yoast SEO plugin. -->","yoast_head_json":{"title":"Pflaster und Natursteinmauer - Haus &amp; Garten Weilermann","robots":{"index":"index","follow":"follow","max-snippet":"max-snippet:-1","max-image-preview":"max-image-preview:large","max-video-preview":"max-video-preview:-1"},"canonical":"https:\/\/hg-weilermann.de\/?page_id=77","og_locale":"de_DE","og_type":"article","og_title":"Pflaster und Natursteinmauer - Haus &amp; Garten Weilermann","og_description":"Die Natursteinmauer wurde verklebt und mit einer Drainage &amp; Noppenfolie versehen. Sie dient somit als St\u00fctzmauer f\u00fcr den Hang. Die Pflaster wurden nach der Errichtung der St\u00fctzmauer eingepasst und verlegt. Die Rundung stellt f\u00fcr uns bei Pflaster arbeiten kein Problem dar sondern geh\u00f6rt zum Standard unserer Verlegearbeit.","og_url":"https:\/\/hg-weilermann.de\/?page_id=77","og_site_name":"Haus &amp; Garten Weilermann","article_publisher":"https:\/\/www.facebook.com\/haus.garten.weilermann","article_modified_time":"2021-05-02T13:50:30+00:00","og_image":[{"url":"https:\/\/hg-weilermann.de\/wp-content\/uploads\/2021\/05\/IMG_6073-scaled.jpg"}],"twitter_card":"summary_large_image","schema":{"@context":"https:\/\/schema.org","@graph":[{"@type":"WebPage","@id":"https:\/\/hg-weilermann.de\/?page_id=77","url":"https:\/\/hg-weilermann.de\/?page_id=77","name":"Pflaster und Natursteinmauer - Haus &amp; Garten Weilermann","isPartOf":{"@id":"https:\/\/hg-weilermann.de\/#website"},"datePublished":"2020-11-23T19:38:11+00:00","dateModified":"2021-05-02T13:50:30+00:00","breadcrumb":{"@id":"https:\/\/hg-weilermann.de\/?page_id=77#breadcrumb"},"inLanguage":"de","potentialAction":[{"@type":"ReadAction","target":["https:\/\/hg-weilermann.de\/?page_id=77"]}]},{"@type":"BreadcrumbList","@id":"https:\/\/hg-weilermann.de\/?page_id=77#breadcrumb","itemListElement":[{"@type":"ListItem","position":1,"name":"Startseite","item":"https:\/\/hg-weilermann.de\/"},{"@type":"ListItem","position":2,"name":"Pflaster und Natursteinmauer"}]},{"@type":"WebSite","@id":"https:\/\/hg-weilermann.de\/#website","url":"https:\/\/hg-weilermann.de\/","name":"Haus &amp; Garten Weilermann","description":"Ihr Partner f\u00fcr\u00b4s Handwerk","publisher":{"@id":"https:\/\/hg-weilermann.de\/#organization"},"potentialAction":[{"@type":"SearchAction","target":{"@type":"EntryPoint","urlTemplate":"https:\/\/hg-weilermann.de\/?s={search_term_string}"},"query-input":"required name=search_term_string"}],"inLanguage":"de"},{"@type":"Organization","@id":"https:\/\/hg-weilermann.de\/#organization","name":"Haus & Garten Weilermann","url":"https:\/\/hg-weilermann.de\/","logo":{"@type":"ImageObject","inLanguage":"de","@id":"https:\/\/hg-weilermann.de\/#\/schema\/logo\/image\/","url":"https:\/\/hg-weilermann.de\/wp-content\/uploads\/2022\/09\/Weilermann_Logo_weisser-schatten-Baeume-Fenster-mod.png","contentUrl":"https:\/\/hg-weilermann.de\/wp-content\/uploads\/2022\/09\/Weilermann_Logo_weisser-schatten-Baeume-Fenster-mod.png","width":3213,"height":1029,"caption":"Haus & Garten Weilermann"},"image":{"@id":"https:\/\/hg-weilermann.de\/#\/schema\/logo\/image\/"},"sameAs":["https:\/\/www.facebook.com\/haus.garten.weilermann"]}]}},"_links":{"self":[{"href":"https:\/\/hg-weilermann.de\/index.php?rest_route=\/wp\/v2\/pages\/77","targetHints":{"allow":["GET"]}}],"collection":[{"href":"https:\/\/hg-weilermann.de\/index.php?rest_route=\/wp\/v2\/pages"}],"about":[{"href":"https:\/\/hg-weilermann.de\/index.php?rest_route=\/wp\/v2\/types\/page"}],"author":[{"embeddable":true,"href":"https:\/\/hg-weilermann.de\/index.php?rest_route=\/wp\/v2\/users\/1"}],"replies":[{"embeddable":true,"href":"https:\/\/hg-weilermann.de\/index.php?rest_route=%2Fwp%2Fv2%2Fcomments&post=77"}],"version-history":[{"count":4,"href":"https:\/\/hg-weilermann.de\/index.php?rest_route=\/wp\/v2\/pages\/77\/revisions"}],"predecessor-version":[{"id":257,"href":"https:\/\/hg-weilermann.de\/index.php?rest_route=\/wp\/v2\/pages\/77\/revisions\/257"}],"wp:attachment":[{"href":"https:\/\/hg-weilermann.de\/index.php?rest_route=%2Fwp%2Fv2%2Fmedia&parent=77"}],"curies":[{"name":"wp","href":"https:\/\/api.w.org\/{rel}","templated":true}]}}