{"id":330,"date":"2022-09-24T10:20:23","date_gmt":"2022-09-24T08:20:23","guid":{"rendered":"https:\/\/hg-weilermann.de\/?page_id=330"},"modified":"2022-09-29T18:53:02","modified_gmt":"2022-09-29T16:53:02","slug":"servicearbeiten-an-fenster-tueren","status":"publish","type":"page","link":"https:\/\/hg-weilermann.de\/?page_id=330","title":{"rendered":"Servicedienste an Fenster &#038; T\u00fcren"},"content":{"rendered":"\n<h2 class=\"wp-block-heading\"><strong><mark style=\"background-color:rgba(0, 0, 0, 0);color:#e71313\" class=\"has-inline-color\">Jetzt Energiekosten sparen<\/mark><\/strong><\/h2>\n\n\n\n<p><\/p>\n\n\n\n<p>Haben Sie ihre Fenster und T\u00fcren schon gewartet?<\/p>\n\n\n\n<p>Gerade jetzt bei den hohen <strong><mark style=\"background-color:rgba(0, 0, 0, 0);color:#e71313\" class=\"has-inline-color\">Heizkosten<\/mark><\/strong> ein wichtiger Punkt und zus\u00e4tzlich verl\u00e4ngern Sie die Lebenserwartung ihrer Fenster- und T\u00fcrenelemente um ein Vielfaches. Mit \u00fcber 20 Jahren Erfahrung mit verschiedenen Fensterhersteller aus unserer Region sind Sie in besten H\u00e4nden.<\/p>\n\n\n\n<p>Wartung und Reparatur von:<\/p>\n\n\n\n<p>-Fensterfl\u00fcgel zum Festpreis von 15,00\u20ac\/ Stk. zzgl. Mwst.<\/p>\n\n\n\n<p>Im Preis enthalten:<\/p>\n\n\n\n<ul class=\"wp-block-list\"><li>Fensterbeschl\u00e4ge von Schmutz reinigen<\/li><li>Fensterbeschl\u00e4ge gang- und schlie\u00dfbar einstellen<\/li><li>Fensterbeschl\u00e4ge und Getriebe \u00f6len<\/li><li>Fensterdichtungen pr\u00fcfen und bei Bedarf reinigen<\/li><li>Reinigen der Enw\u00e4sserungsschlitze<\/li><li>Fensterbeschl\u00e4ge und Getriebe auf Funktionalit\u00e4t und Sch\u00e4den pr\u00fcfen<\/li><\/ul>\n\n\n\n<p>Sollten im Rahmen der Wartung weitere Besch\u00e4digungen und Reparaturbedarf erkennbar werden, k\u00f6nnen auch diese von mir, nach Absprache und Angebot gerne behoben werden.<\/p>\n\n\n\n<p>Au\u00dferdem bieten wir an:<\/p>\n\n\n\n<ul class=\"wp-block-list\"><li>Abschlie\u00dfbare Fenstergriffe\/ Druckknopf\/ Normal<\/li><li>Profilzylinder jeder Gr\u00f6\u00dfe<\/li><li>Fenster\/T\u00fcren Dichtungen<\/li><li>Austausch alter, spr\u00f6der Dichtungen an Fenster und T\u00fcren<\/li><li>Austausch defekter Getriebe- und Schlie\u00dfteile<\/li><li>Tauschen von Isoliergl\u00e4sern<\/li><li>Nachr\u00fcstung Einbruchschutz<\/li><li>Erneuerung von Rollogurte<\/li><\/ul>\n\n\n\n<p><\/p>\n\n\n\n<figure class=\"wp-block-gallery has-nested-images columns-default is-cropped wp-block-gallery-1 is-layout-flex wp-block-gallery-is-layout-flex\">\n<figure class=\"wp-block-image size-large is-style-rounded\"><img loading=\"lazy\" decoding=\"async\" width=\"2560\" height=\"1707\" data-id=\"341\" src=\"https:\/\/hg-weilermann.de\/wp-content\/uploads\/2022\/09\/AdobeStock_371846207-scaled.jpeg\" alt=\"\" class=\"wp-image-341\" srcset=\"https:\/\/hg-weilermann.de\/wp-content\/uploads\/2022\/09\/AdobeStock_371846207-scaled.jpeg 2560w, https:\/\/hg-weilermann.de\/wp-content\/uploads\/2022\/09\/AdobeStock_371846207-300x200.jpeg 300w, https:\/\/hg-weilermann.de\/wp-content\/uploads\/2022\/09\/AdobeStock_371846207-1024x683.jpeg 1024w, https:\/\/hg-weilermann.de\/wp-content\/uploads\/2022\/09\/AdobeStock_371846207-768x512.jpeg 768w, https:\/\/hg-weilermann.de\/wp-content\/uploads\/2022\/09\/AdobeStock_371846207-1536x1024.jpeg 1536w, https:\/\/hg-weilermann.de\/wp-content\/uploads\/2022\/09\/AdobeStock_371846207-2048x1365.jpeg 2048w\" sizes=\"auto, (max-width: 2560px) 100vw, 2560px\" \/><\/figure>\n\n\n\n<figure class=\"wp-block-image size-large is-style-rounded\"><img loading=\"lazy\" decoding=\"async\" width=\"2560\" height=\"1707\" data-id=\"340\" src=\"https:\/\/hg-weilermann.de\/wp-content\/uploads\/2022\/09\/AdobeStock_313744117-scaled.jpeg\" alt=\"\" class=\"wp-image-340\" srcset=\"https:\/\/hg-weilermann.de\/wp-content\/uploads\/2022\/09\/AdobeStock_313744117-scaled.jpeg 2560w, https:\/\/hg-weilermann.de\/wp-content\/uploads\/2022\/09\/AdobeStock_313744117-300x200.jpeg 300w, https:\/\/hg-weilermann.de\/wp-content\/uploads\/2022\/09\/AdobeStock_313744117-1024x683.jpeg 1024w, https:\/\/hg-weilermann.de\/wp-content\/uploads\/2022\/09\/AdobeStock_313744117-768x512.jpeg 768w, https:\/\/hg-weilermann.de\/wp-content\/uploads\/2022\/09\/AdobeStock_313744117-1536x1024.jpeg 1536w, https:\/\/hg-weilermann.de\/wp-content\/uploads\/2022\/09\/AdobeStock_313744117-2048x1365.jpeg 2048w\" sizes=\"auto, (max-width: 2560px) 100vw, 2560px\" \/><\/figure>\n\n\n\n<figure class=\"wp-block-image size-large is-style-rounded\"><img loading=\"lazy\" decoding=\"async\" width=\"2560\" height=\"1729\" data-id=\"339\" src=\"https:\/\/hg-weilermann.de\/wp-content\/uploads\/2022\/09\/AdobeStock_307058274-scaled.jpeg\" alt=\"\" class=\"wp-image-339\" srcset=\"https:\/\/hg-weilermann.de\/wp-content\/uploads\/2022\/09\/AdobeStock_307058274-scaled.jpeg 2560w, https:\/\/hg-weilermann.de\/wp-content\/uploads\/2022\/09\/AdobeStock_307058274-300x203.jpeg 300w, https:\/\/hg-weilermann.de\/wp-content\/uploads\/2022\/09\/AdobeStock_307058274-1024x692.jpeg 1024w, https:\/\/hg-weilermann.de\/wp-content\/uploads\/2022\/09\/AdobeStock_307058274-768x519.jpeg 768w, https:\/\/hg-weilermann.de\/wp-content\/uploads\/2022\/09\/AdobeStock_307058274-1536x1037.jpeg 1536w, https:\/\/hg-weilermann.de\/wp-content\/uploads\/2022\/09\/AdobeStock_307058274-2048x1383.jpeg 2048w\" sizes=\"auto, (max-width: 2560px) 100vw, 2560px\" \/><\/figure>\n\n\n\n<figure class=\"wp-block-image size-large is-style-rounded\"><img loading=\"lazy\" decoding=\"async\" width=\"2560\" height=\"1706\" data-id=\"338\" src=\"https:\/\/hg-weilermann.de\/wp-content\/uploads\/2022\/09\/AdobeStock_295673700-scaled.jpeg\" alt=\"\" class=\"wp-image-338\" srcset=\"https:\/\/hg-weilermann.de\/wp-content\/uploads\/2022\/09\/AdobeStock_295673700-scaled.jpeg 2560w, https:\/\/hg-weilermann.de\/wp-content\/uploads\/2022\/09\/AdobeStock_295673700-300x200.jpeg 300w, https:\/\/hg-weilermann.de\/wp-content\/uploads\/2022\/09\/AdobeStock_295673700-1024x682.jpeg 1024w, https:\/\/hg-weilermann.de\/wp-content\/uploads\/2022\/09\/AdobeStock_295673700-768x512.jpeg 768w, https:\/\/hg-weilermann.de\/wp-content\/uploads\/2022\/09\/AdobeStock_295673700-1536x1024.jpeg 1536w, https:\/\/hg-weilermann.de\/wp-content\/uploads\/2022\/09\/AdobeStock_295673700-2048x1365.jpeg 2048w\" sizes=\"auto, (max-width: 2560px) 100vw, 2560px\" \/><\/figure>\n\n\n\n<figure class=\"wp-block-image size-large is-style-rounded\"><img loading=\"lazy\" decoding=\"async\" width=\"2560\" height=\"1720\" data-id=\"337\" src=\"https:\/\/hg-weilermann.de\/wp-content\/uploads\/2022\/09\/AdobeStock_206897824-scaled.jpeg\" alt=\"\" class=\"wp-image-337\" srcset=\"https:\/\/hg-weilermann.de\/wp-content\/uploads\/2022\/09\/AdobeStock_206897824-scaled.jpeg 2560w, https:\/\/hg-weilermann.de\/wp-content\/uploads\/2022\/09\/AdobeStock_206897824-300x202.jpeg 300w, https:\/\/hg-weilermann.de\/wp-content\/uploads\/2022\/09\/AdobeStock_206897824-1024x688.jpeg 1024w, https:\/\/hg-weilermann.de\/wp-content\/uploads\/2022\/09\/AdobeStock_206897824-768x516.jpeg 768w, https:\/\/hg-weilermann.de\/wp-content\/uploads\/2022\/09\/AdobeStock_206897824-1536x1032.jpeg 1536w, https:\/\/hg-weilermann.de\/wp-content\/uploads\/2022\/09\/AdobeStock_206897824-2048x1376.jpeg 2048w\" sizes=\"auto, (max-width: 2560px) 100vw, 2560px\" \/><\/figure>\n\n\n\n<figure class=\"wp-block-image size-large is-style-rounded\"><img loading=\"lazy\" decoding=\"async\" width=\"2560\" height=\"1937\" data-id=\"336\" src=\"https:\/\/hg-weilermann.de\/wp-content\/uploads\/2022\/09\/AdobeStock_176006902-scaled.jpeg\" alt=\"\" class=\"wp-image-336\" srcset=\"https:\/\/hg-weilermann.de\/wp-content\/uploads\/2022\/09\/AdobeStock_176006902-scaled.jpeg 2560w, https:\/\/hg-weilermann.de\/wp-content\/uploads\/2022\/09\/AdobeStock_176006902-300x227.jpeg 300w, https:\/\/hg-weilermann.de\/wp-content\/uploads\/2022\/09\/AdobeStock_176006902-1024x775.jpeg 1024w, https:\/\/hg-weilermann.de\/wp-content\/uploads\/2022\/09\/AdobeStock_176006902-768x581.jpeg 768w, https:\/\/hg-weilermann.de\/wp-content\/uploads\/2022\/09\/AdobeStock_176006902-1536x1162.jpeg 1536w, https:\/\/hg-weilermann.de\/wp-content\/uploads\/2022\/09\/AdobeStock_176006902-2048x1549.jpeg 2048w\" sizes=\"auto, (max-width: 2560px) 100vw, 2560px\" \/><\/figure>\n\n\n\n<figure class=\"wp-block-image size-large is-style-rounded\"><img loading=\"lazy\" decoding=\"async\" width=\"2560\" height=\"1713\" data-id=\"335\" src=\"https:\/\/hg-weilermann.de\/wp-content\/uploads\/2022\/09\/AdobeStock_59217648-1-scaled.jpeg\" alt=\"\" class=\"wp-image-335\" srcset=\"https:\/\/hg-weilermann.de\/wp-content\/uploads\/2022\/09\/AdobeStock_59217648-1-scaled.jpeg 2560w, https:\/\/hg-weilermann.de\/wp-content\/uploads\/2022\/09\/AdobeStock_59217648-1-300x201.jpeg 300w, https:\/\/hg-weilermann.de\/wp-content\/uploads\/2022\/09\/AdobeStock_59217648-1-1024x685.jpeg 1024w, https:\/\/hg-weilermann.de\/wp-content\/uploads\/2022\/09\/AdobeStock_59217648-1-768x514.jpeg 768w, https:\/\/hg-weilermann.de\/wp-content\/uploads\/2022\/09\/AdobeStock_59217648-1-1536x1028.jpeg 1536w, https:\/\/hg-weilermann.de\/wp-content\/uploads\/2022\/09\/AdobeStock_59217648-1-2048x1371.jpeg 2048w\" sizes=\"auto, (max-width: 2560px) 100vw, 2560px\" \/><\/figure>\n<\/figure>\n","protected":false},"excerpt":{"rendered":"<p>Jetzt Energiekosten sparen Haben Sie ihre Fenster und T\u00fcren schon gewartet? Gerade jetzt bei den hohen Heizkosten ein wichtiger Punkt und zus\u00e4tzlich verl\u00e4ngern Sie die Lebenserwartung ihrer Fenster- und T\u00fcrenelemente um ein Vielfaches. Mit \u00fcber 20 Jahren Erfahrung mit verschiedenen Fensterhersteller aus unserer Region sind Sie in besten H\u00e4nden. Wartung und Reparatur von: -Fensterfl\u00fcgel zum Festpreis von 15,00\u20ac\/ Stk. zzgl. Mwst. Im Preis enthalten: Fensterbeschl\u00e4ge von Schmutz reinigen Fensterbeschl\u00e4ge gang- und schlie\u00dfbar einstellen Fensterbeschl\u00e4ge und Getriebe \u00f6len Fensterdichtungen pr\u00fcfen und bei Bedarf reinigen Reinigen der Enw\u00e4sserungsschlitze Fensterbeschl\u00e4ge und Getriebe auf Funktionalit\u00e4t und Sch\u00e4den pr\u00fcfen Sollten im Rahmen der Wartung weitere&#8230; <\/p>\n","protected":false},"author":1,"featured_media":341,"parent":0,"menu_order":0,"comment_status":"closed","ping_status":"closed","template":"","meta":{"footnotes":""},"class_list":["post-330","page","type-page","status-publish","has-post-thumbnail","hentry"],"yoast_head":"<!-- This site is optimized with the Yoast SEO plugin v22.0 - https:\/\/yoast.com\/wordpress\/plugins\/seo\/ -->\n<title>Servicedienste an Fenster &amp; T\u00fcren - Haus &amp; Garten Weilermann<\/title>\n<meta name=\"robots\" content=\"index, follow, max-snippet:-1, max-image-preview:large, max-video-preview:-1\" \/>\n<link rel=\"canonical\" href=\"https:\/\/hg-weilermann.de\/?page_id=330\" \/>\n<meta property=\"og:locale\" content=\"de_DE\" \/>\n<meta property=\"og:type\" content=\"article\" \/>\n<meta property=\"og:title\" content=\"Jetzt neu - Wir bieten Ihnen einen Fenster &amp; T\u00fcrenservice an!\" \/>\n<meta property=\"og:description\" content=\"Wir bieten Ihnen einen Fenster &amp; T\u00fcren Service an. Fenster einstellen, abdichten, Isoliergl\u00e4sertausch alles kein Problem. Mehr Infos klicken lesen Sie hier.\" \/>\n<meta property=\"og:url\" content=\"https:\/\/hg-weilermann.de\/?page_id=330\" \/>\n<meta property=\"og:site_name\" content=\"Haus &amp; Garten Weilermann\" \/>\n<meta property=\"article:publisher\" content=\"https:\/\/www.facebook.com\/haus.garten.weilermann\" \/>\n<meta property=\"article:modified_time\" content=\"2022-09-29T16:53:02+00:00\" \/>\n<meta property=\"og:image\" content=\"https:\/\/hg-weilermann.de\/wp-content\/uploads\/2022\/09\/AdobeStock_371846207-scaled.jpeg\" \/>\n\t<meta property=\"og:image:width\" content=\"2560\" \/>\n\t<meta property=\"og:image:height\" content=\"1707\" \/>\n\t<meta property=\"og:image:type\" content=\"image\/jpeg\" \/>\n<meta name=\"twitter:card\" content=\"summary_large_image\" \/>\n<meta name=\"twitter:label1\" content=\"Gesch\u00e4tzte Lesezeit\" \/>\n\t<meta name=\"twitter:data1\" content=\"3\u00a0Minuten\" \/>\n<script type=\"application\/ld+json\" class=\"yoast-schema-graph\">{\"@context\":\"https:\/\/schema.org\",\"@graph\":[{\"@type\":\"WebPage\",\"@id\":\"https:\/\/hg-weilermann.de\/?page_id=330\",\"url\":\"https:\/\/hg-weilermann.de\/?page_id=330\",\"name\":\"Servicedienste an Fenster & T\u00fcren - Haus &amp; Garten Weilermann\",\"isPartOf\":{\"@id\":\"https:\/\/hg-weilermann.de\/#website\"},\"datePublished\":\"2022-09-24T08:20:23+00:00\",\"dateModified\":\"2022-09-29T16:53:02+00:00\",\"breadcrumb\":{\"@id\":\"https:\/\/hg-weilermann.de\/?page_id=330#breadcrumb\"},\"inLanguage\":\"de\",\"potentialAction\":[{\"@type\":\"ReadAction\",\"target\":[\"https:\/\/hg-weilermann.de\/?page_id=330\"]}]},{\"@type\":\"BreadcrumbList\",\"@id\":\"https:\/\/hg-weilermann.de\/?page_id=330#breadcrumb\",\"itemListElement\":[{\"@type\":\"ListItem\",\"position\":1,\"name\":\"Startseite\",\"item\":\"https:\/\/hg-weilermann.de\/\"},{\"@type\":\"ListItem\",\"position\":2,\"name\":\"Servicedienste an Fenster &#038; T\u00fcren\"}]},{\"@type\":\"WebSite\",\"@id\":\"https:\/\/hg-weilermann.de\/#website\",\"url\":\"https:\/\/hg-weilermann.de\/\",\"name\":\"Haus &amp; Garten Weilermann\",\"description\":\"Ihr Partner f\u00fcr\u00b4s Handwerk\",\"publisher\":{\"@id\":\"https:\/\/hg-weilermann.de\/#organization\"},\"potentialAction\":[{\"@type\":\"SearchAction\",\"target\":{\"@type\":\"EntryPoint\",\"urlTemplate\":\"https:\/\/hg-weilermann.de\/?s={search_term_string}\"},\"query-input\":\"required name=search_term_string\"}],\"inLanguage\":\"de\"},{\"@type\":\"Organization\",\"@id\":\"https:\/\/hg-weilermann.de\/#organization\",\"name\":\"Haus & Garten Weilermann\",\"url\":\"https:\/\/hg-weilermann.de\/\",\"logo\":{\"@type\":\"ImageObject\",\"inLanguage\":\"de\",\"@id\":\"https:\/\/hg-weilermann.de\/#\/schema\/logo\/image\/\",\"url\":\"https:\/\/hg-weilermann.de\/wp-content\/uploads\/2022\/09\/Weilermann_Logo_weisser-schatten-Baeume-Fenster-mod.png\",\"contentUrl\":\"https:\/\/hg-weilermann.de\/wp-content\/uploads\/2022\/09\/Weilermann_Logo_weisser-schatten-Baeume-Fenster-mod.png\",\"width\":3213,\"height\":1029,\"caption\":\"Haus & Garten Weilermann\"},\"image\":{\"@id\":\"https:\/\/hg-weilermann.de\/#\/schema\/logo\/image\/\"},\"sameAs\":[\"https:\/\/www.facebook.com\/haus.garten.weilermann\"]}]}<\/script>\n<!-- \/ Yoast SEO plugin. -->","yoast_head_json":{"title":"Servicedienste an Fenster & T\u00fcren - Haus &amp; Garten Weilermann","robots":{"index":"index","follow":"follow","max-snippet":"max-snippet:-1","max-image-preview":"max-image-preview:large","max-video-preview":"max-video-preview:-1"},"canonical":"https:\/\/hg-weilermann.de\/?page_id=330","og_locale":"de_DE","og_type":"article","og_title":"Jetzt neu - Wir bieten Ihnen einen Fenster & T\u00fcrenservice an!","og_description":"Wir bieten Ihnen einen Fenster & T\u00fcren Service an. Fenster einstellen, abdichten, Isoliergl\u00e4sertausch alles kein Problem. Mehr Infos klicken lesen Sie hier.","og_url":"https:\/\/hg-weilermann.de\/?page_id=330","og_site_name":"Haus &amp; Garten Weilermann","article_publisher":"https:\/\/www.facebook.com\/haus.garten.weilermann","article_modified_time":"2022-09-29T16:53:02+00:00","og_image":[{"width":2560,"height":1707,"url":"https:\/\/hg-weilermann.de\/wp-content\/uploads\/2022\/09\/AdobeStock_371846207-scaled.jpeg","type":"image\/jpeg"}],"twitter_card":"summary_large_image","twitter_misc":{"Gesch\u00e4tzte Lesezeit":"3\u00a0Minuten"},"schema":{"@context":"https:\/\/schema.org","@graph":[{"@type":"WebPage","@id":"https:\/\/hg-weilermann.de\/?page_id=330","url":"https:\/\/hg-weilermann.de\/?page_id=330","name":"Servicedienste an Fenster & T\u00fcren - Haus &amp; Garten Weilermann","isPartOf":{"@id":"https:\/\/hg-weilermann.de\/#website"},"datePublished":"2022-09-24T08:20:23+00:00","dateModified":"2022-09-29T16:53:02+00:00","breadcrumb":{"@id":"https:\/\/hg-weilermann.de\/?page_id=330#breadcrumb"},"inLanguage":"de","potentialAction":[{"@type":"ReadAction","target":["https:\/\/hg-weilermann.de\/?page_id=330"]}]},{"@type":"BreadcrumbList","@id":"https:\/\/hg-weilermann.de\/?page_id=330#breadcrumb","itemListElement":[{"@type":"ListItem","position":1,"name":"Startseite","item":"https:\/\/hg-weilermann.de\/"},{"@type":"ListItem","position":2,"name":"Servicedienste an Fenster &#038; T\u00fcren"}]},{"@type":"WebSite","@id":"https:\/\/hg-weilermann.de\/#website","url":"https:\/\/hg-weilermann.de\/","name":"Haus &amp; Garten Weilermann","description":"Ihr Partner f\u00fcr\u00b4s Handwerk","publisher":{"@id":"https:\/\/hg-weilermann.de\/#organization"},"potentialAction":[{"@type":"SearchAction","target":{"@type":"EntryPoint","urlTemplate":"https:\/\/hg-weilermann.de\/?s={search_term_string}"},"query-input":"required name=search_term_string"}],"inLanguage":"de"},{"@type":"Organization","@id":"https:\/\/hg-weilermann.de\/#organization","name":"Haus & Garten Weilermann","url":"https:\/\/hg-weilermann.de\/","logo":{"@type":"ImageObject","inLanguage":"de","@id":"https:\/\/hg-weilermann.de\/#\/schema\/logo\/image\/","url":"https:\/\/hg-weilermann.de\/wp-content\/uploads\/2022\/09\/Weilermann_Logo_weisser-schatten-Baeume-Fenster-mod.png","contentUrl":"https:\/\/hg-weilermann.de\/wp-content\/uploads\/2022\/09\/Weilermann_Logo_weisser-schatten-Baeume-Fenster-mod.png","width":3213,"height":1029,"caption":"Haus & Garten Weilermann"},"image":{"@id":"https:\/\/hg-weilermann.de\/#\/schema\/logo\/image\/"},"sameAs":["https:\/\/www.facebook.com\/haus.garten.weilermann"]}]}},"_links":{"self":[{"href":"https:\/\/hg-weilermann.de\/index.php?rest_route=\/wp\/v2\/pages\/330","targetHints":{"allow":["GET"]}}],"collection":[{"href":"https:\/\/hg-weilermann.de\/index.php?rest_route=\/wp\/v2\/pages"}],"about":[{"href":"https:\/\/hg-weilermann.de\/index.php?rest_route=\/wp\/v2\/types\/page"}],"author":[{"embeddable":true,"href":"https:\/\/hg-weilermann.de\/index.php?rest_route=\/wp\/v2\/users\/1"}],"replies":[{"embeddable":true,"href":"https:\/\/hg-weilermann.de\/index.php?rest_route=%2Fwp%2Fv2%2Fcomments&post=330"}],"version-history":[{"count":7,"href":"https:\/\/hg-weilermann.de\/index.php?rest_route=\/wp\/v2\/pages\/330\/revisions"}],"predecessor-version":[{"id":353,"href":"https:\/\/hg-weilermann.de\/index.php?rest_route=\/wp\/v2\/pages\/330\/revisions\/353"}],"wp:featuredmedia":[{"embeddable":true,"href":"https:\/\/hg-weilermann.de\/index.php?rest_route=\/wp\/v2\/media\/341"}],"wp:attachment":[{"href":"https:\/\/hg-weilermann.de\/index.php?rest_route=%2Fwp%2Fv2%2Fmedia&parent=330"}],"curies":[{"name":"wp","href":"https:\/\/api.w.org\/{rel}","templated":true}]}}