{"id":200,"date":"2021-03-27T13:12:10","date_gmt":"2021-03-27T12:12:10","guid":{"rendered":"https:\/\/hg-weilermann.de\/?page_id=200"},"modified":"2021-05-02T17:24:38","modified_gmt":"2021-05-02T15:24:38","slug":"willkommen-bei-haus-garten-weilermann","status":"publish","type":"page","link":"https:\/\/hg-weilermann.de\/?page_id=200","title":{"rendered":"Herzlich Willkommen bei Haus &#038; Garten WEILERMANN"},"content":{"rendered":"\n<p>Ein Fr\u00fchst\u00fcck auf der sonnigen Terrasse, unter schattigen B\u00e4umen den Sommer genie\u00dfen, eine Spielwiese f\u00fcr die Kinder oder abends beim gem\u00fctlichen Glas Wein dem Zirpen der Grillen lauschen \u2013 ein sch\u00f6ner Garten bedeutet ein gro\u00dfes St\u00fcck Lebensqualit\u00e4t. Er ist Teil unseres Zuhauses und unser ganz pers\u00f6nliches Fleckchen Natur direkt vor der Haust\u00fcr.<\/p>\n\n\n\n<p>Mit Haus &amp; Garten WEILERMANN wird aus dem Gartentraum endlich ein wahr gewordener Traumgarten. Wir sind Ansprechpartner Nummer 1 in Sachen Neu- oder Umgestaltung von Au\u00dfenanlagen f\u00fcr Privatpersonen genauso wie f\u00fcr Firmen. Bei der Beratung und Umsetzung gehen wir aus individuelle W\u00fcnsche unserer Kunden ein. <\/p>\n\n\n\n<p><\/p>\n\n\n\n<p><\/p>\n\n\n\n<figure class=\"wp-block-gallery columns-2 is-cropped wp-block-gallery-1 is-layout-flex wp-block-gallery-is-layout-flex\"><ul class=\"blocks-gallery-grid\"><li class=\"blocks-gallery-item\"><figure><img decoding=\"async\" src=\"https:\/\/hg-weilermann.de\/wp-content\/uploads\/2021\/05\/egg-2191991-1024x768.jpg\" alt=\"\" data-id=\"268\" data-full-url=\"https:\/\/hg-weilermann.de\/wp-content\/uploads\/2021\/05\/egg-2191991-scaled.jpg\" data-link=\"https:\/\/hg-weilermann.de\/?attachment_id=268#main\" class=\"wp-image-268\"\/><\/figure><\/li><li class=\"blocks-gallery-item\"><figure><img loading=\"lazy\" decoding=\"async\" width=\"1024\" height=\"681\" src=\"https:\/\/hg-weilermann.de\/wp-content\/uploads\/2021\/05\/garden-5085356-1024x681.jpg\" alt=\"\" data-id=\"269\" data-full-url=\"https:\/\/hg-weilermann.de\/wp-content\/uploads\/2021\/05\/garden-5085356-scaled.jpg\" data-link=\"https:\/\/hg-weilermann.de\/?attachment_id=269#main\" class=\"wp-image-269\" srcset=\"https:\/\/hg-weilermann.de\/wp-content\/uploads\/2021\/05\/garden-5085356-1024x681.jpg 1024w, https:\/\/hg-weilermann.de\/wp-content\/uploads\/2021\/05\/garden-5085356-300x200.jpg 300w, https:\/\/hg-weilermann.de\/wp-content\/uploads\/2021\/05\/garden-5085356-768x511.jpg 768w, https:\/\/hg-weilermann.de\/wp-content\/uploads\/2021\/05\/garden-5085356-1536x1022.jpg 1536w, https:\/\/hg-weilermann.de\/wp-content\/uploads\/2021\/05\/garden-5085356-2048x1363.jpg 2048w\" sizes=\"auto, (max-width: 1024px) 100vw, 1024px\" \/><\/figure><\/li><\/ul><\/figure>\n","protected":false},"excerpt":{"rendered":"<p>Ein Fr\u00fchst\u00fcck auf der sonnigen Terrasse, unter schattigen B\u00e4umen den Sommer genie\u00dfen, eine Spielwiese f\u00fcr die Kinder oder abends beim gem\u00fctlichen Glas Wein dem Zirpen der Grillen lauschen \u2013 ein sch\u00f6ner Garten bedeutet ein gro\u00dfes St\u00fcck Lebensqualit\u00e4t. Er ist Teil unseres Zuhauses und unser ganz pers\u00f6nliches Fleckchen Natur direkt vor der Haust\u00fcr. Mit Haus &amp; Garten WEILERMANN wird aus dem Gartentraum endlich ein wahr gewordener Traumgarten. Wir sind Ansprechpartner Nummer 1 in Sachen Neu- oder Umgestaltung von Au\u00dfenanlagen f\u00fcr Privatpersonen genauso wie f\u00fcr Firmen. Bei der Beratung und Umsetzung gehen wir aus individuelle W\u00fcnsche unserer Kunden ein.<\/p>\n","protected":false},"author":1,"featured_media":0,"parent":0,"menu_order":0,"comment_status":"closed","ping_status":"closed","template":"template-parts\/page-template-full-width.php","meta":{"footnotes":""},"class_list":["post-200","page","type-page","status-publish","hentry"],"yoast_head":"<!-- This site is optimized with the Yoast SEO plugin v22.0 - https:\/\/yoast.com\/wordpress\/plugins\/seo\/ -->\n<title>Herzlich Willkommen bei Haus &amp; Garten WEILERMANN - Haus &amp; Garten Weilermann<\/title>\n<meta name=\"robots\" content=\"index, follow, max-snippet:-1, max-image-preview:large, max-video-preview:-1\" \/>\n<link rel=\"canonical\" href=\"https:\/\/hg-weilermann.de\/?page_id=200\" \/>\n<meta property=\"og:locale\" content=\"de_DE\" \/>\n<meta property=\"og:type\" content=\"article\" \/>\n<meta property=\"og:title\" content=\"Herzlich Willkommen bei Haus &amp; Garten WEILERMANN - Haus &amp; Garten Weilermann\" \/>\n<meta property=\"og:description\" content=\"Ein Fr\u00fchst\u00fcck auf der sonnigen Terrasse, unter schattigen B\u00e4umen den Sommer genie\u00dfen, eine Spielwiese f\u00fcr die Kinder oder abends beim gem\u00fctlichen Glas Wein dem Zirpen der Grillen lauschen \u2013 ein sch\u00f6ner Garten bedeutet ein gro\u00dfes St\u00fcck Lebensqualit\u00e4t. Er ist Teil unseres Zuhauses und unser ganz pers\u00f6nliches Fleckchen Natur direkt vor der Haust\u00fcr. Mit Haus &amp; Garten WEILERMANN wird aus dem Gartentraum endlich ein wahr gewordener Traumgarten. Wir sind Ansprechpartner Nummer 1 in Sachen Neu- oder Umgestaltung von Au\u00dfenanlagen f\u00fcr Privatpersonen genauso wie f\u00fcr Firmen. Bei der Beratung und Umsetzung gehen wir aus individuelle W\u00fcnsche unserer Kunden ein.\" \/>\n<meta property=\"og:url\" content=\"https:\/\/hg-weilermann.de\/?page_id=200\" \/>\n<meta property=\"og:site_name\" content=\"Haus &amp; Garten Weilermann\" \/>\n<meta property=\"article:publisher\" content=\"https:\/\/www.facebook.com\/haus.garten.weilermann\" \/>\n<meta property=\"article:modified_time\" content=\"2021-05-02T15:24:38+00:00\" \/>\n<meta property=\"og:image\" content=\"https:\/\/hg-weilermann.de\/wp-content\/uploads\/2021\/05\/egg-2191991-1024x768.jpg\" \/>\n<meta name=\"twitter:card\" content=\"summary_large_image\" \/>\n<meta name=\"twitter:label1\" content=\"Gesch\u00e4tzte Lesezeit\" \/>\n\t<meta name=\"twitter:data1\" content=\"1\u00a0Minute\" \/>\n<script type=\"application\/ld+json\" class=\"yoast-schema-graph\">{\"@context\":\"https:\/\/schema.org\",\"@graph\":[{\"@type\":\"WebPage\",\"@id\":\"https:\/\/hg-weilermann.de\/?page_id=200\",\"url\":\"https:\/\/hg-weilermann.de\/?page_id=200\",\"name\":\"Herzlich Willkommen bei Haus & Garten WEILERMANN - Haus &amp; Garten Weilermann\",\"isPartOf\":{\"@id\":\"https:\/\/hg-weilermann.de\/#website\"},\"datePublished\":\"2021-03-27T12:12:10+00:00\",\"dateModified\":\"2021-05-02T15:24:38+00:00\",\"breadcrumb\":{\"@id\":\"https:\/\/hg-weilermann.de\/?page_id=200#breadcrumb\"},\"inLanguage\":\"de\",\"potentialAction\":[{\"@type\":\"ReadAction\",\"target\":[\"https:\/\/hg-weilermann.de\/?page_id=200\"]}]},{\"@type\":\"BreadcrumbList\",\"@id\":\"https:\/\/hg-weilermann.de\/?page_id=200#breadcrumb\",\"itemListElement\":[{\"@type\":\"ListItem\",\"position\":1,\"name\":\"Startseite\",\"item\":\"https:\/\/hg-weilermann.de\/\"},{\"@type\":\"ListItem\",\"position\":2,\"name\":\"Herzlich Willkommen bei Haus &#038; Garten WEILERMANN\"}]},{\"@type\":\"WebSite\",\"@id\":\"https:\/\/hg-weilermann.de\/#website\",\"url\":\"https:\/\/hg-weilermann.de\/\",\"name\":\"Haus &amp; Garten Weilermann\",\"description\":\"Ihr Partner f\u00fcr\u00b4s Handwerk\",\"publisher\":{\"@id\":\"https:\/\/hg-weilermann.de\/#organization\"},\"potentialAction\":[{\"@type\":\"SearchAction\",\"target\":{\"@type\":\"EntryPoint\",\"urlTemplate\":\"https:\/\/hg-weilermann.de\/?s={search_term_string}\"},\"query-input\":\"required name=search_term_string\"}],\"inLanguage\":\"de\"},{\"@type\":\"Organization\",\"@id\":\"https:\/\/hg-weilermann.de\/#organization\",\"name\":\"Haus & Garten Weilermann\",\"url\":\"https:\/\/hg-weilermann.de\/\",\"logo\":{\"@type\":\"ImageObject\",\"inLanguage\":\"de\",\"@id\":\"https:\/\/hg-weilermann.de\/#\/schema\/logo\/image\/\",\"url\":\"https:\/\/hg-weilermann.de\/wp-content\/uploads\/2022\/09\/Weilermann_Logo_weisser-schatten-Baeume-Fenster-mod.png\",\"contentUrl\":\"https:\/\/hg-weilermann.de\/wp-content\/uploads\/2022\/09\/Weilermann_Logo_weisser-schatten-Baeume-Fenster-mod.png\",\"width\":3213,\"height\":1029,\"caption\":\"Haus & Garten Weilermann\"},\"image\":{\"@id\":\"https:\/\/hg-weilermann.de\/#\/schema\/logo\/image\/\"},\"sameAs\":[\"https:\/\/www.facebook.com\/haus.garten.weilermann\"]}]}<\/script>\n<!-- \/ Yoast SEO plugin. -->","yoast_head_json":{"title":"Herzlich Willkommen bei Haus & Garten WEILERMANN - Haus &amp; Garten Weilermann","robots":{"index":"index","follow":"follow","max-snippet":"max-snippet:-1","max-image-preview":"max-image-preview:large","max-video-preview":"max-video-preview:-1"},"canonical":"https:\/\/hg-weilermann.de\/?page_id=200","og_locale":"de_DE","og_type":"article","og_title":"Herzlich Willkommen bei Haus & Garten WEILERMANN - Haus &amp; Garten Weilermann","og_description":"Ein Fr\u00fchst\u00fcck auf der sonnigen Terrasse, unter schattigen B\u00e4umen den Sommer genie\u00dfen, eine Spielwiese f\u00fcr die Kinder oder abends beim gem\u00fctlichen Glas Wein dem Zirpen der Grillen lauschen \u2013 ein sch\u00f6ner Garten bedeutet ein gro\u00dfes St\u00fcck Lebensqualit\u00e4t. Er ist Teil unseres Zuhauses und unser ganz pers\u00f6nliches Fleckchen Natur direkt vor der Haust\u00fcr. Mit Haus &amp; Garten WEILERMANN wird aus dem Gartentraum endlich ein wahr gewordener Traumgarten. Wir sind Ansprechpartner Nummer 1 in Sachen Neu- oder Umgestaltung von Au\u00dfenanlagen f\u00fcr Privatpersonen genauso wie f\u00fcr Firmen. Bei der Beratung und Umsetzung gehen wir aus individuelle W\u00fcnsche unserer Kunden ein.","og_url":"https:\/\/hg-weilermann.de\/?page_id=200","og_site_name":"Haus &amp; Garten Weilermann","article_publisher":"https:\/\/www.facebook.com\/haus.garten.weilermann","article_modified_time":"2021-05-02T15:24:38+00:00","og_image":[{"url":"https:\/\/hg-weilermann.de\/wp-content\/uploads\/2021\/05\/egg-2191991-1024x768.jpg"}],"twitter_card":"summary_large_image","twitter_misc":{"Gesch\u00e4tzte Lesezeit":"1\u00a0Minute"},"schema":{"@context":"https:\/\/schema.org","@graph":[{"@type":"WebPage","@id":"https:\/\/hg-weilermann.de\/?page_id=200","url":"https:\/\/hg-weilermann.de\/?page_id=200","name":"Herzlich Willkommen bei Haus & Garten WEILERMANN - Haus &amp; Garten Weilermann","isPartOf":{"@id":"https:\/\/hg-weilermann.de\/#website"},"datePublished":"2021-03-27T12:12:10+00:00","dateModified":"2021-05-02T15:24:38+00:00","breadcrumb":{"@id":"https:\/\/hg-weilermann.de\/?page_id=200#breadcrumb"},"inLanguage":"de","potentialAction":[{"@type":"ReadAction","target":["https:\/\/hg-weilermann.de\/?page_id=200"]}]},{"@type":"BreadcrumbList","@id":"https:\/\/hg-weilermann.de\/?page_id=200#breadcrumb","itemListElement":[{"@type":"ListItem","position":1,"name":"Startseite","item":"https:\/\/hg-weilermann.de\/"},{"@type":"ListItem","position":2,"name":"Herzlich Willkommen bei Haus &#038; Garten WEILERMANN"}]},{"@type":"WebSite","@id":"https:\/\/hg-weilermann.de\/#website","url":"https:\/\/hg-weilermann.de\/","name":"Haus &amp; Garten Weilermann","description":"Ihr Partner f\u00fcr\u00b4s Handwerk","publisher":{"@id":"https:\/\/hg-weilermann.de\/#organization"},"potentialAction":[{"@type":"SearchAction","target":{"@type":"EntryPoint","urlTemplate":"https:\/\/hg-weilermann.de\/?s={search_term_string}"},"query-input":"required name=search_term_string"}],"inLanguage":"de"},{"@type":"Organization","@id":"https:\/\/hg-weilermann.de\/#organization","name":"Haus & Garten Weilermann","url":"https:\/\/hg-weilermann.de\/","logo":{"@type":"ImageObject","inLanguage":"de","@id":"https:\/\/hg-weilermann.de\/#\/schema\/logo\/image\/","url":"https:\/\/hg-weilermann.de\/wp-content\/uploads\/2022\/09\/Weilermann_Logo_weisser-schatten-Baeume-Fenster-mod.png","contentUrl":"https:\/\/hg-weilermann.de\/wp-content\/uploads\/2022\/09\/Weilermann_Logo_weisser-schatten-Baeume-Fenster-mod.png","width":3213,"height":1029,"caption":"Haus & Garten Weilermann"},"image":{"@id":"https:\/\/hg-weilermann.de\/#\/schema\/logo\/image\/"},"sameAs":["https:\/\/www.facebook.com\/haus.garten.weilermann"]}]}},"_links":{"self":[{"href":"https:\/\/hg-weilermann.de\/index.php?rest_route=\/wp\/v2\/pages\/200","targetHints":{"allow":["GET"]}}],"collection":[{"href":"https:\/\/hg-weilermann.de\/index.php?rest_route=\/wp\/v2\/pages"}],"about":[{"href":"https:\/\/hg-weilermann.de\/index.php?rest_route=\/wp\/v2\/types\/page"}],"author":[{"embeddable":true,"href":"https:\/\/hg-weilermann.de\/index.php?rest_route=\/wp\/v2\/users\/1"}],"replies":[{"embeddable":true,"href":"https:\/\/hg-weilermann.de\/index.php?rest_route=%2Fwp%2Fv2%2Fcomments&post=200"}],"version-history":[{"count":14,"href":"https:\/\/hg-weilermann.de\/index.php?rest_route=\/wp\/v2\/pages\/200\/revisions"}],"predecessor-version":[{"id":270,"href":"https:\/\/hg-weilermann.de\/index.php?rest_route=\/wp\/v2\/pages\/200\/revisions\/270"}],"wp:attachment":[{"href":"https:\/\/hg-weilermann.de\/index.php?rest_route=%2Fwp%2Fv2%2Fmedia&parent=200"}],"curies":[{"name":"wp","href":"https:\/\/api.w.org\/{rel}","templated":true}]}}