{"id":125,"date":"2020-11-24T20:27:50","date_gmt":"2020-11-24T19:27:50","guid":{"rendered":"https:\/\/pw.inetcompany.de\/?page_id=125"},"modified":"2022-09-14T18:43:16","modified_gmt":"2022-09-14T16:43:16","slug":"steinsaege-fuer-pflaster","status":"publish","type":"page","link":"https:\/\/hg-weilermann.de\/?page_id=125","title":{"rendered":"Steins\u00e4ge f\u00fcr Pflaster &#038; Terassenplatten"},"content":{"rendered":"\n<p>Ab sofort vermieten wir eine Pflasterschneidmaschine f\u00fcr Betonplatten, Terassenplatten, Granit u. \u00c4.<\/p>\n\n\n\n<p>Max. Schnittiefe: 137mm<br>Max. Schnittl\u00e4nge: 700mm<\/p>\n\n\n\n<p>Es ist kein Wasseranschluss erforderlich &#8211; die Maschine hat eine Wasserwanne und eine eingebaute Pumpe.<\/p>\n\n\n\n<p>Stromanschluss 230 V \/ 16 A an gew\u00f6hnlicher Steckdose.<\/p>\n\n\n\n<p>Mietpreis Netto pro Tag 50,- \u20ac, zzgl. Mwst.<\/p>\n\n\n\n<p>Der Verschlei\u00df an der Diamantscheibe wird pro Millimeter mit 25,- \u20ac zzgl. Mwst zus\u00e4tzlich berechnet.<\/p>\n\n\n\n<p>Sollte die Maschine nicht sauber geputzt zur\u00fcckgebracht werden, entstehen zus\u00e4tzliche Kosten in H\u00f6he von 30 \u20ac zzgl. Mwst. f\u00fcr die Reinigung.<\/p>\n\n\n\n<p>F\u00fcr Fragen stehen wir Ihnen nat\u00fcrlich gerne zur Verf\u00fcgung.<\/p>\n\n\n\n<figure class=\"wp-block-gallery columns-3 is-cropped wp-block-gallery-1 is-layout-flex wp-block-gallery-is-layout-flex\"><ul class=\"blocks-gallery-grid\"><li class=\"blocks-gallery-item\"><figure><img loading=\"lazy\" decoding=\"async\" width=\"1200\" height=\"932\" src=\"https:\/\/hg-weilermann.de\/wp-content\/uploads\/2020\/11\/94-e1616839627523.jpg\" alt=\"\" data-id=\"130\" data-full-url=\"https:\/\/hg-weilermann.de\/wp-content\/uploads\/2020\/11\/94-e1616839627523.jpg\" data-link=\"https:\/\/hg-weilermann.de\/?attachment_id=130#main\" class=\"wp-image-130\"\/><\/figure><\/li><li class=\"blocks-gallery-item\"><figure><img loading=\"lazy\" decoding=\"async\" width=\"768\" height=\"1024\" src=\"https:\/\/hg-weilermann.de\/wp-content\/uploads\/2020\/11\/92-768x1024.jpg\" alt=\"\" data-id=\"128\" data-full-url=\"https:\/\/hg-weilermann.de\/wp-content\/uploads\/2020\/11\/92.jpg\" data-link=\"https:\/\/hg-weilermann.de\/?attachment_id=128#main\" class=\"wp-image-128\" srcset=\"https:\/\/hg-weilermann.de\/wp-content\/uploads\/2020\/11\/92-768x1024.jpg 768w, https:\/\/hg-weilermann.de\/wp-content\/uploads\/2020\/11\/92-225x300.jpg 225w, https:\/\/hg-weilermann.de\/wp-content\/uploads\/2020\/11\/92-1152x1536.jpg 1152w, https:\/\/hg-weilermann.de\/wp-content\/uploads\/2020\/11\/92.jpg 1200w\" sizes=\"auto, (max-width: 768px) 100vw, 768px\" \/><\/figure><\/li><li class=\"blocks-gallery-item\"><figure><img loading=\"lazy\" decoding=\"async\" width=\"768\" height=\"1024\" src=\"https:\/\/hg-weilermann.de\/wp-content\/uploads\/2020\/11\/90-768x1024.jpg\" alt=\"\" data-id=\"126\" data-full-url=\"https:\/\/hg-weilermann.de\/wp-content\/uploads\/2020\/11\/90.jpg\" data-link=\"https:\/\/hg-weilermann.de\/?attachment_id=126#main\" class=\"wp-image-126\" srcset=\"https:\/\/hg-weilermann.de\/wp-content\/uploads\/2020\/11\/90-768x1024.jpg 768w, https:\/\/hg-weilermann.de\/wp-content\/uploads\/2020\/11\/90-225x300.jpg 225w, https:\/\/hg-weilermann.de\/wp-content\/uploads\/2020\/11\/90-1152x1536.jpg 1152w, https:\/\/hg-weilermann.de\/wp-content\/uploads\/2020\/11\/90.jpg 1200w\" sizes=\"auto, (max-width: 768px) 100vw, 768px\" \/><\/figure><\/li><li class=\"blocks-gallery-item\"><figure><img loading=\"lazy\" decoding=\"async\" width=\"1200\" height=\"932\" src=\"https:\/\/hg-weilermann.de\/wp-content\/uploads\/2020\/11\/94-e1616839627523.jpg\" alt=\"\" data-id=\"130\" data-full-url=\"https:\/\/hg-weilermann.de\/wp-content\/uploads\/2020\/11\/94-e1616839627523.jpg\" data-link=\"https:\/\/hg-weilermann.de\/?attachment_id=130#main\" class=\"wp-image-130\"\/><\/figure><\/li><li class=\"blocks-gallery-item\"><figure><img loading=\"lazy\" decoding=\"async\" width=\"768\" height=\"1024\" src=\"https:\/\/hg-weilermann.de\/wp-content\/uploads\/2020\/11\/91-768x1024.jpg\" alt=\"\" data-id=\"127\" data-full-url=\"https:\/\/hg-weilermann.de\/wp-content\/uploads\/2020\/11\/91.jpg\" data-link=\"https:\/\/hg-weilermann.de\/?attachment_id=127#main\" class=\"wp-image-127\" srcset=\"https:\/\/hg-weilermann.de\/wp-content\/uploads\/2020\/11\/91-768x1024.jpg 768w, https:\/\/hg-weilermann.de\/wp-content\/uploads\/2020\/11\/91-225x300.jpg 225w, https:\/\/hg-weilermann.de\/wp-content\/uploads\/2020\/11\/91-1152x1536.jpg 1152w, https:\/\/hg-weilermann.de\/wp-content\/uploads\/2020\/11\/91.jpg 1200w\" sizes=\"auto, (max-width: 768px) 100vw, 768px\" \/><\/figure><\/li><\/ul><\/figure>\n","protected":false},"excerpt":{"rendered":"<p>Ab sofort vermieten wir eine Pflasterschneidmaschine f\u00fcr Betonplatten, Terassenplatten, Granit u. \u00c4. Max. Schnittiefe: 137mmMax. Schnittl\u00e4nge: 700mm Es ist kein Wasseranschluss erforderlich &#8211; die Maschine hat eine Wasserwanne und eine eingebaute Pumpe. Stromanschluss 230 V \/ 16 A an gew\u00f6hnlicher Steckdose. Mietpreis Netto pro Tag 50,- \u20ac, zzgl. Mwst. Der Verschlei\u00df an der Diamantscheibe wird pro Millimeter mit 25,- \u20ac zzgl. Mwst zus\u00e4tzlich berechnet. Sollte die Maschine nicht sauber geputzt zur\u00fcckgebracht werden, entstehen zus\u00e4tzliche Kosten in H\u00f6he von 30 \u20ac zzgl. Mwst. f\u00fcr die Reinigung. F\u00fcr Fragen stehen wir Ihnen nat\u00fcrlich gerne zur Verf\u00fcgung.<\/p>\n","protected":false},"author":1,"featured_media":0,"parent":0,"menu_order":0,"comment_status":"closed","ping_status":"closed","template":"","meta":{"footnotes":""},"class_list":["post-125","page","type-page","status-publish","hentry"],"yoast_head":"<!-- This site is optimized with the Yoast SEO plugin v22.0 - https:\/\/yoast.com\/wordpress\/plugins\/seo\/ -->\n<title>Steins\u00e4ge f\u00fcr Pflaster &amp; Terassenplatten - Haus &amp; Garten Weilermann<\/title>\n<meta name=\"robots\" content=\"index, follow, max-snippet:-1, max-image-preview:large, max-video-preview:-1\" \/>\n<link rel=\"canonical\" href=\"https:\/\/hg-weilermann.de\/?page_id=125\" \/>\n<meta property=\"og:locale\" content=\"de_DE\" \/>\n<meta property=\"og:type\" content=\"article\" \/>\n<meta property=\"og:title\" content=\"Steins\u00e4ge f\u00fcr Pflaster &amp; Terassenplatten - Haus &amp; Garten Weilermann\" \/>\n<meta property=\"og:description\" content=\"Ab sofort vermieten wir eine Pflasterschneidmaschine f\u00fcr Betonplatten, Terassenplatten, Granit u. \u00c4. Max. Schnittiefe: 137mmMax. Schnittl\u00e4nge: 700mm Es ist kein Wasseranschluss erforderlich &#8211; die Maschine hat eine Wasserwanne und eine eingebaute Pumpe. Stromanschluss 230 V \/ 16 A an gew\u00f6hnlicher Steckdose. Mietpreis Netto pro Tag 50,- \u20ac, zzgl. Mwst. Der Verschlei\u00df an der Diamantscheibe wird pro Millimeter mit 25,- \u20ac zzgl. Mwst zus\u00e4tzlich berechnet. Sollte die Maschine nicht sauber geputzt zur\u00fcckgebracht werden, entstehen zus\u00e4tzliche Kosten in H\u00f6he von 30 \u20ac zzgl. Mwst. f\u00fcr die Reinigung. F\u00fcr Fragen stehen wir Ihnen nat\u00fcrlich gerne zur Verf\u00fcgung.\" \/>\n<meta property=\"og:url\" content=\"https:\/\/hg-weilermann.de\/?page_id=125\" \/>\n<meta property=\"og:site_name\" content=\"Haus &amp; Garten Weilermann\" \/>\n<meta property=\"article:publisher\" content=\"https:\/\/www.facebook.com\/haus.garten.weilermann\" \/>\n<meta property=\"article:modified_time\" content=\"2022-09-14T16:43:16+00:00\" \/>\n<meta property=\"og:image\" content=\"https:\/\/hg-weilermann.de\/wp-content\/uploads\/2020\/11\/94-e1616839627523.jpg\" \/>\n<meta name=\"twitter:card\" content=\"summary_large_image\" \/>\n<script type=\"application\/ld+json\" class=\"yoast-schema-graph\">{\"@context\":\"https:\/\/schema.org\",\"@graph\":[{\"@type\":\"WebPage\",\"@id\":\"https:\/\/hg-weilermann.de\/?page_id=125\",\"url\":\"https:\/\/hg-weilermann.de\/?page_id=125\",\"name\":\"Steins\u00e4ge f\u00fcr Pflaster & Terassenplatten - Haus &amp; Garten Weilermann\",\"isPartOf\":{\"@id\":\"https:\/\/hg-weilermann.de\/#website\"},\"datePublished\":\"2020-11-24T19:27:50+00:00\",\"dateModified\":\"2022-09-14T16:43:16+00:00\",\"breadcrumb\":{\"@id\":\"https:\/\/hg-weilermann.de\/?page_id=125#breadcrumb\"},\"inLanguage\":\"de\",\"potentialAction\":[{\"@type\":\"ReadAction\",\"target\":[\"https:\/\/hg-weilermann.de\/?page_id=125\"]}]},{\"@type\":\"BreadcrumbList\",\"@id\":\"https:\/\/hg-weilermann.de\/?page_id=125#breadcrumb\",\"itemListElement\":[{\"@type\":\"ListItem\",\"position\":1,\"name\":\"Startseite\",\"item\":\"https:\/\/hg-weilermann.de\/\"},{\"@type\":\"ListItem\",\"position\":2,\"name\":\"Steins\u00e4ge f\u00fcr Pflaster &#038; Terassenplatten\"}]},{\"@type\":\"WebSite\",\"@id\":\"https:\/\/hg-weilermann.de\/#website\",\"url\":\"https:\/\/hg-weilermann.de\/\",\"name\":\"Haus &amp; Garten Weilermann\",\"description\":\"Ihr Partner f\u00fcr\u00b4s Handwerk\",\"publisher\":{\"@id\":\"https:\/\/hg-weilermann.de\/#organization\"},\"potentialAction\":[{\"@type\":\"SearchAction\",\"target\":{\"@type\":\"EntryPoint\",\"urlTemplate\":\"https:\/\/hg-weilermann.de\/?s={search_term_string}\"},\"query-input\":\"required name=search_term_string\"}],\"inLanguage\":\"de\"},{\"@type\":\"Organization\",\"@id\":\"https:\/\/hg-weilermann.de\/#organization\",\"name\":\"Haus & Garten Weilermann\",\"url\":\"https:\/\/hg-weilermann.de\/\",\"logo\":{\"@type\":\"ImageObject\",\"inLanguage\":\"de\",\"@id\":\"https:\/\/hg-weilermann.de\/#\/schema\/logo\/image\/\",\"url\":\"https:\/\/hg-weilermann.de\/wp-content\/uploads\/2022\/09\/Weilermann_Logo_weisser-schatten-Baeume-Fenster-mod.png\",\"contentUrl\":\"https:\/\/hg-weilermann.de\/wp-content\/uploads\/2022\/09\/Weilermann_Logo_weisser-schatten-Baeume-Fenster-mod.png\",\"width\":3213,\"height\":1029,\"caption\":\"Haus & Garten Weilermann\"},\"image\":{\"@id\":\"https:\/\/hg-weilermann.de\/#\/schema\/logo\/image\/\"},\"sameAs\":[\"https:\/\/www.facebook.com\/haus.garten.weilermann\"]}]}<\/script>\n<!-- \/ Yoast SEO plugin. -->","yoast_head_json":{"title":"Steins\u00e4ge f\u00fcr Pflaster & Terassenplatten - Haus &amp; Garten Weilermann","robots":{"index":"index","follow":"follow","max-snippet":"max-snippet:-1","max-image-preview":"max-image-preview:large","max-video-preview":"max-video-preview:-1"},"canonical":"https:\/\/hg-weilermann.de\/?page_id=125","og_locale":"de_DE","og_type":"article","og_title":"Steins\u00e4ge f\u00fcr Pflaster & Terassenplatten - Haus &amp; Garten Weilermann","og_description":"Ab sofort vermieten wir eine Pflasterschneidmaschine f\u00fcr Betonplatten, Terassenplatten, Granit u. \u00c4. Max. Schnittiefe: 137mmMax. Schnittl\u00e4nge: 700mm Es ist kein Wasseranschluss erforderlich &#8211; die Maschine hat eine Wasserwanne und eine eingebaute Pumpe. Stromanschluss 230 V \/ 16 A an gew\u00f6hnlicher Steckdose. Mietpreis Netto pro Tag 50,- \u20ac, zzgl. Mwst. Der Verschlei\u00df an der Diamantscheibe wird pro Millimeter mit 25,- \u20ac zzgl. Mwst zus\u00e4tzlich berechnet. Sollte die Maschine nicht sauber geputzt zur\u00fcckgebracht werden, entstehen zus\u00e4tzliche Kosten in H\u00f6he von 30 \u20ac zzgl. Mwst. f\u00fcr die Reinigung. F\u00fcr Fragen stehen wir Ihnen nat\u00fcrlich gerne zur Verf\u00fcgung.","og_url":"https:\/\/hg-weilermann.de\/?page_id=125","og_site_name":"Haus &amp; Garten Weilermann","article_publisher":"https:\/\/www.facebook.com\/haus.garten.weilermann","article_modified_time":"2022-09-14T16:43:16+00:00","og_image":[{"url":"https:\/\/hg-weilermann.de\/wp-content\/uploads\/2020\/11\/94-e1616839627523.jpg"}],"twitter_card":"summary_large_image","schema":{"@context":"https:\/\/schema.org","@graph":[{"@type":"WebPage","@id":"https:\/\/hg-weilermann.de\/?page_id=125","url":"https:\/\/hg-weilermann.de\/?page_id=125","name":"Steins\u00e4ge f\u00fcr Pflaster & Terassenplatten - Haus &amp; Garten Weilermann","isPartOf":{"@id":"https:\/\/hg-weilermann.de\/#website"},"datePublished":"2020-11-24T19:27:50+00:00","dateModified":"2022-09-14T16:43:16+00:00","breadcrumb":{"@id":"https:\/\/hg-weilermann.de\/?page_id=125#breadcrumb"},"inLanguage":"de","potentialAction":[{"@type":"ReadAction","target":["https:\/\/hg-weilermann.de\/?page_id=125"]}]},{"@type":"BreadcrumbList","@id":"https:\/\/hg-weilermann.de\/?page_id=125#breadcrumb","itemListElement":[{"@type":"ListItem","position":1,"name":"Startseite","item":"https:\/\/hg-weilermann.de\/"},{"@type":"ListItem","position":2,"name":"Steins\u00e4ge f\u00fcr Pflaster &#038; Terassenplatten"}]},{"@type":"WebSite","@id":"https:\/\/hg-weilermann.de\/#website","url":"https:\/\/hg-weilermann.de\/","name":"Haus &amp; Garten Weilermann","description":"Ihr Partner f\u00fcr\u00b4s Handwerk","publisher":{"@id":"https:\/\/hg-weilermann.de\/#organization"},"potentialAction":[{"@type":"SearchAction","target":{"@type":"EntryPoint","urlTemplate":"https:\/\/hg-weilermann.de\/?s={search_term_string}"},"query-input":"required name=search_term_string"}],"inLanguage":"de"},{"@type":"Organization","@id":"https:\/\/hg-weilermann.de\/#organization","name":"Haus & Garten Weilermann","url":"https:\/\/hg-weilermann.de\/","logo":{"@type":"ImageObject","inLanguage":"de","@id":"https:\/\/hg-weilermann.de\/#\/schema\/logo\/image\/","url":"https:\/\/hg-weilermann.de\/wp-content\/uploads\/2022\/09\/Weilermann_Logo_weisser-schatten-Baeume-Fenster-mod.png","contentUrl":"https:\/\/hg-weilermann.de\/wp-content\/uploads\/2022\/09\/Weilermann_Logo_weisser-schatten-Baeume-Fenster-mod.png","width":3213,"height":1029,"caption":"Haus & Garten Weilermann"},"image":{"@id":"https:\/\/hg-weilermann.de\/#\/schema\/logo\/image\/"},"sameAs":["https:\/\/www.facebook.com\/haus.garten.weilermann"]}]}},"_links":{"self":[{"href":"https:\/\/hg-weilermann.de\/index.php?rest_route=\/wp\/v2\/pages\/125","targetHints":{"allow":["GET"]}}],"collection":[{"href":"https:\/\/hg-weilermann.de\/index.php?rest_route=\/wp\/v2\/pages"}],"about":[{"href":"https:\/\/hg-weilermann.de\/index.php?rest_route=\/wp\/v2\/types\/page"}],"author":[{"embeddable":true,"href":"https:\/\/hg-weilermann.de\/index.php?rest_route=\/wp\/v2\/users\/1"}],"replies":[{"embeddable":true,"href":"https:\/\/hg-weilermann.de\/index.php?rest_route=%2Fwp%2Fv2%2Fcomments&post=125"}],"version-history":[{"count":8,"href":"https:\/\/hg-weilermann.de\/index.php?rest_route=\/wp\/v2\/pages\/125\/revisions"}],"predecessor-version":[{"id":316,"href":"https:\/\/hg-weilermann.de\/index.php?rest_route=\/wp\/v2\/pages\/125\/revisions\/316"}],"wp:attachment":[{"href":"https:\/\/hg-weilermann.de\/index.php?rest_route=%2Fwp%2Fv2%2Fmedia&parent=125"}],"curies":[{"name":"wp","href":"https:\/\/api.w.org\/{rel}","templated":true}]}}