{"id":120,"date":"2020-11-24T20:25:12","date_gmt":"2020-11-24T19:25:12","guid":{"rendered":"https:\/\/pw.inetcompany.de\/?page_id=120"},"modified":"2020-12-03T11:45:15","modified_gmt":"2020-12-03T10:45:15","slug":"minibagger-12t","status":"publish","type":"page","link":"https:\/\/hg-weilermann.de\/?page_id=120","title":{"rendered":"Minibagger 1,2t"},"content":{"rendered":"\n<p>Alle Preise inkl. MwSt.<\/p>\n\n\n\n<p>Es handelt sich hierbei um ein gewerbliches Angebot zur Vermietung des Minibaggers.<\/p>\n\n\n\n<p>Mietgegenstand:<br>&#8211; Minibagger Yanmar Vio 12<\/p>\n\n\n\n<p>&#8211; Betriebsgewicht ca. 1235 kg<br>&#8211; verstellbarer Unterwagen 83cm \/ 100cm<br>&#8211; H\u00f6he mit aufgestelltem \u00dcberrollb\u00fcgel: 225 cm<br>&#8211; H\u00f6he mit eingeklappten \u00dcberrollb\u00fcgel: 158 cm &#8211;&gt; ideal f\u00fcr Reihenhaus-Bewohner mit Garagendurchfahrt, die den Garten kaum anders erreichen k\u00f6nnen.<br>&#8211; Bitte beachten: das Fahrwerk l\u00e4sst sich zwar auf 83 cm einfahren, jedoch betr\u00e4gt die Breite vom \u00dcberrollb\u00fcgel exakt 100 cm.<\/p>\n\n\n\n<p>&#8211; vertikale Grabtiefe ca. 165 cm<br>&#8211; direkte Grabtiefe ca. 19 5cm<br>&#8211; Sch\u00fctth\u00f6he ca. 237 cm<\/p>\n\n\n\n<p>An Schaufeln steht folgendes zur Auswahl:<br>&#8211; R\u00e4umschaufel starr 80 cm<br>&#8211; R\u00e4umschaufel schwenkbar 100 cm (nur \u00fcber Sonderbedienung)<br>&#8211; Schaufel mit Z\u00e4hne 30 cm<br>&#8211; Siebl\u00f6ffel mit Z\u00e4hne 80 cm<\/p>\n\n\n\n<p>Mietpreise:<br>Tagespauschale f\u00fcr Bagger + L\u00f6ffeln 119,- Euro<br>Mietpreis:<br>Tagespauschale f\u00fcr Abbruchhammer 80.- Euro<\/p>\n\n\n\n<p>Der Abholort ist unsere u. s. Firmenanschrift. Zum Transport steht ein Anh\u00e4nger zur Anmietung zur Verf\u00fcgung.<br>Eine Anlieferung und Abholung ist m\u00f6glich, ebenso die Vermittlung einer \/ eines kompetenten Baggerfahrerin \/ Baggerfahrer.<br>Sollten Sie den Bagger mit ihrem Anh\u00e4nger abholen wollen, so behalten wir es uns vor, bei technischen M\u00e4ngeln von der Vermietung Abstand zu nehmen!<\/p>\n\n\n\n<figure class=\"wp-block-gallery columns-3 is-cropped wp-block-gallery-1 is-layout-flex wp-block-gallery-is-layout-flex\"><ul class=\"blocks-gallery-grid\"><li class=\"blocks-gallery-item\"><figure><img loading=\"lazy\" decoding=\"async\" width=\"768\" height=\"1024\" src=\"https:\/\/pw.inetcompany.de\/wp-content\/uploads\/2020\/11\/80-768x1024.jpg\" alt=\"\" data-id=\"121\" data-full-url=\"https:\/\/pw.inetcompany.de\/wp-content\/uploads\/2020\/11\/80.jpg\" data-link=\"https:\/\/pw.inetcompany.de\/?attachment_id=121\" class=\"wp-image-121\" srcset=\"https:\/\/hg-weilermann.de\/wp-content\/uploads\/2020\/11\/80-768x1024.jpg 768w, https:\/\/hg-weilermann.de\/wp-content\/uploads\/2020\/11\/80-225x300.jpg 225w, https:\/\/hg-weilermann.de\/wp-content\/uploads\/2020\/11\/80-1152x1536.jpg 1152w, https:\/\/hg-weilermann.de\/wp-content\/uploads\/2020\/11\/80.jpg 1200w\" sizes=\"auto, (max-width: 768px) 100vw, 768px\" \/><\/figure><\/li><li class=\"blocks-gallery-item\"><figure><img loading=\"lazy\" decoding=\"async\" width=\"768\" height=\"1024\" src=\"https:\/\/pw.inetcompany.de\/wp-content\/uploads\/2020\/11\/801-768x1024.jpg\" alt=\"\" data-id=\"122\" data-full-url=\"https:\/\/pw.inetcompany.de\/wp-content\/uploads\/2020\/11\/801.jpg\" data-link=\"https:\/\/pw.inetcompany.de\/?attachment_id=122\" class=\"wp-image-122\" srcset=\"https:\/\/hg-weilermann.de\/wp-content\/uploads\/2020\/11\/801-768x1024.jpg 768w, https:\/\/hg-weilermann.de\/wp-content\/uploads\/2020\/11\/801-225x300.jpg 225w, https:\/\/hg-weilermann.de\/wp-content\/uploads\/2020\/11\/801-1152x1536.jpg 1152w, https:\/\/hg-weilermann.de\/wp-content\/uploads\/2020\/11\/801.jpg 1200w\" sizes=\"auto, (max-width: 768px) 100vw, 768px\" \/><\/figure><\/li><li class=\"blocks-gallery-item\"><figure><img loading=\"lazy\" decoding=\"async\" width=\"768\" height=\"1024\" src=\"https:\/\/pw.inetcompany.de\/wp-content\/uploads\/2020\/11\/802-768x1024.jpg\" alt=\"\" data-id=\"123\" data-full-url=\"https:\/\/pw.inetcompany.de\/wp-content\/uploads\/2020\/11\/802.jpg\" data-link=\"https:\/\/pw.inetcompany.de\/?attachment_id=123\" class=\"wp-image-123\" srcset=\"https:\/\/hg-weilermann.de\/wp-content\/uploads\/2020\/11\/802-768x1024.jpg 768w, https:\/\/hg-weilermann.de\/wp-content\/uploads\/2020\/11\/802-225x300.jpg 225w, https:\/\/hg-weilermann.de\/wp-content\/uploads\/2020\/11\/802-1152x1536.jpg 1152w, https:\/\/hg-weilermann.de\/wp-content\/uploads\/2020\/11\/802.jpg 1200w\" sizes=\"auto, (max-width: 768px) 100vw, 768px\" \/><\/figure><\/li><\/ul><\/figure>\n","protected":false},"excerpt":{"rendered":"<p>Alle Preise inkl. MwSt. Es handelt sich hierbei um ein gewerbliches Angebot zur Vermietung des Minibaggers. Mietgegenstand:&#8211; Minibagger Yanmar Vio 12 &#8211; Betriebsgewicht ca. 1235 kg&#8211; verstellbarer Unterwagen 83cm \/ 100cm&#8211; H\u00f6he mit aufgestelltem \u00dcberrollb\u00fcgel: 225 cm&#8211; H\u00f6he mit eingeklappten \u00dcberrollb\u00fcgel: 158 cm &#8211;&gt; ideal f\u00fcr Reihenhaus-Bewohner mit Garagendurchfahrt, die den Garten kaum anders erreichen k\u00f6nnen.&#8211; Bitte beachten: das Fahrwerk l\u00e4sst sich zwar auf 83 cm einfahren, jedoch betr\u00e4gt die Breite vom \u00dcberrollb\u00fcgel exakt 100 cm. &#8211; vertikale Grabtiefe ca. 165 cm&#8211; direkte Grabtiefe ca. 19 5cm&#8211; Sch\u00fctth\u00f6he ca. 237 cm An Schaufeln steht folgendes zur Auswahl:&#8211; R\u00e4umschaufel starr 80&#8230; <\/p>\n","protected":false},"author":1,"featured_media":0,"parent":0,"menu_order":0,"comment_status":"closed","ping_status":"closed","template":"","meta":{"footnotes":""},"class_list":["post-120","page","type-page","status-publish","hentry"],"yoast_head":"<!-- This site is optimized with the Yoast SEO plugin v22.0 - https:\/\/yoast.com\/wordpress\/plugins\/seo\/ -->\n<title>Minibagger 1,2t - Haus &amp; Garten Weilermann<\/title>\n<meta name=\"robots\" content=\"index, follow, max-snippet:-1, max-image-preview:large, max-video-preview:-1\" \/>\n<link rel=\"canonical\" href=\"https:\/\/hg-weilermann.de\/?page_id=120\" \/>\n<meta property=\"og:locale\" content=\"de_DE\" \/>\n<meta property=\"og:type\" content=\"article\" \/>\n<meta property=\"og:title\" content=\"Minibagger 1,2t - Haus &amp; Garten Weilermann\" \/>\n<meta property=\"og:description\" content=\"Alle Preise inkl. MwSt. Es handelt sich hierbei um ein gewerbliches Angebot zur Vermietung des Minibaggers. Mietgegenstand:&#8211; Minibagger Yanmar Vio 12 &#8211; Betriebsgewicht ca. 1235 kg&#8211; verstellbarer Unterwagen 83cm \/ 100cm&#8211; H\u00f6he mit aufgestelltem \u00dcberrollb\u00fcgel: 225 cm&#8211; H\u00f6he mit eingeklappten \u00dcberrollb\u00fcgel: 158 cm &#8211;&gt; ideal f\u00fcr Reihenhaus-Bewohner mit Garagendurchfahrt, die den Garten kaum anders erreichen k\u00f6nnen.&#8211; Bitte beachten: das Fahrwerk l\u00e4sst sich zwar auf 83 cm einfahren, jedoch betr\u00e4gt die Breite vom \u00dcberrollb\u00fcgel exakt 100 cm. &#8211; vertikale Grabtiefe ca. 165 cm&#8211; direkte Grabtiefe ca. 19 5cm&#8211; Sch\u00fctth\u00f6he ca. 237 cm An Schaufeln steht folgendes zur Auswahl:&#8211; R\u00e4umschaufel starr 80...\" \/>\n<meta property=\"og:url\" content=\"https:\/\/hg-weilermann.de\/?page_id=120\" \/>\n<meta property=\"og:site_name\" content=\"Haus &amp; Garten Weilermann\" \/>\n<meta property=\"article:publisher\" content=\"https:\/\/www.facebook.com\/haus.garten.weilermann\" \/>\n<meta property=\"article:modified_time\" content=\"2020-12-03T10:45:15+00:00\" \/>\n<meta property=\"og:image\" content=\"https:\/\/pw.inetcompany.de\/wp-content\/uploads\/2020\/11\/80-768x1024.jpg\" \/>\n<meta name=\"twitter:card\" content=\"summary_large_image\" \/>\n<meta name=\"twitter:label1\" content=\"Gesch\u00e4tzte Lesezeit\" \/>\n\t<meta name=\"twitter:data1\" content=\"1\u00a0Minute\" \/>\n<script type=\"application\/ld+json\" class=\"yoast-schema-graph\">{\"@context\":\"https:\/\/schema.org\",\"@graph\":[{\"@type\":\"WebPage\",\"@id\":\"https:\/\/hg-weilermann.de\/?page_id=120\",\"url\":\"https:\/\/hg-weilermann.de\/?page_id=120\",\"name\":\"Minibagger 1,2t - Haus &amp; Garten Weilermann\",\"isPartOf\":{\"@id\":\"https:\/\/hg-weilermann.de\/#website\"},\"datePublished\":\"2020-11-24T19:25:12+00:00\",\"dateModified\":\"2020-12-03T10:45:15+00:00\",\"breadcrumb\":{\"@id\":\"https:\/\/hg-weilermann.de\/?page_id=120#breadcrumb\"},\"inLanguage\":\"de\",\"potentialAction\":[{\"@type\":\"ReadAction\",\"target\":[\"https:\/\/hg-weilermann.de\/?page_id=120\"]}]},{\"@type\":\"BreadcrumbList\",\"@id\":\"https:\/\/hg-weilermann.de\/?page_id=120#breadcrumb\",\"itemListElement\":[{\"@type\":\"ListItem\",\"position\":1,\"name\":\"Startseite\",\"item\":\"https:\/\/hg-weilermann.de\/\"},{\"@type\":\"ListItem\",\"position\":2,\"name\":\"Minibagger 1,2t\"}]},{\"@type\":\"WebSite\",\"@id\":\"https:\/\/hg-weilermann.de\/#website\",\"url\":\"https:\/\/hg-weilermann.de\/\",\"name\":\"Haus &amp; Garten Weilermann\",\"description\":\"Ihr Partner f\u00fcr\u00b4s Handwerk\",\"publisher\":{\"@id\":\"https:\/\/hg-weilermann.de\/#organization\"},\"potentialAction\":[{\"@type\":\"SearchAction\",\"target\":{\"@type\":\"EntryPoint\",\"urlTemplate\":\"https:\/\/hg-weilermann.de\/?s={search_term_string}\"},\"query-input\":\"required name=search_term_string\"}],\"inLanguage\":\"de\"},{\"@type\":\"Organization\",\"@id\":\"https:\/\/hg-weilermann.de\/#organization\",\"name\":\"Haus & Garten Weilermann\",\"url\":\"https:\/\/hg-weilermann.de\/\",\"logo\":{\"@type\":\"ImageObject\",\"inLanguage\":\"de\",\"@id\":\"https:\/\/hg-weilermann.de\/#\/schema\/logo\/image\/\",\"url\":\"https:\/\/hg-weilermann.de\/wp-content\/uploads\/2022\/09\/Weilermann_Logo_weisser-schatten-Baeume-Fenster-mod.png\",\"contentUrl\":\"https:\/\/hg-weilermann.de\/wp-content\/uploads\/2022\/09\/Weilermann_Logo_weisser-schatten-Baeume-Fenster-mod.png\",\"width\":3213,\"height\":1029,\"caption\":\"Haus & Garten Weilermann\"},\"image\":{\"@id\":\"https:\/\/hg-weilermann.de\/#\/schema\/logo\/image\/\"},\"sameAs\":[\"https:\/\/www.facebook.com\/haus.garten.weilermann\"]}]}<\/script>\n<!-- \/ Yoast SEO plugin. -->","yoast_head_json":{"title":"Minibagger 1,2t - Haus &amp; Garten Weilermann","robots":{"index":"index","follow":"follow","max-snippet":"max-snippet:-1","max-image-preview":"max-image-preview:large","max-video-preview":"max-video-preview:-1"},"canonical":"https:\/\/hg-weilermann.de\/?page_id=120","og_locale":"de_DE","og_type":"article","og_title":"Minibagger 1,2t - Haus &amp; Garten Weilermann","og_description":"Alle Preise inkl. MwSt. Es handelt sich hierbei um ein gewerbliches Angebot zur Vermietung des Minibaggers. Mietgegenstand:&#8211; Minibagger Yanmar Vio 12 &#8211; Betriebsgewicht ca. 1235 kg&#8211; verstellbarer Unterwagen 83cm \/ 100cm&#8211; H\u00f6he mit aufgestelltem \u00dcberrollb\u00fcgel: 225 cm&#8211; H\u00f6he mit eingeklappten \u00dcberrollb\u00fcgel: 158 cm &#8211;&gt; ideal f\u00fcr Reihenhaus-Bewohner mit Garagendurchfahrt, die den Garten kaum anders erreichen k\u00f6nnen.&#8211; Bitte beachten: das Fahrwerk l\u00e4sst sich zwar auf 83 cm einfahren, jedoch betr\u00e4gt die Breite vom \u00dcberrollb\u00fcgel exakt 100 cm. &#8211; vertikale Grabtiefe ca. 165 cm&#8211; direkte Grabtiefe ca. 19 5cm&#8211; Sch\u00fctth\u00f6he ca. 237 cm An Schaufeln steht folgendes zur Auswahl:&#8211; R\u00e4umschaufel starr 80...","og_url":"https:\/\/hg-weilermann.de\/?page_id=120","og_site_name":"Haus &amp; Garten Weilermann","article_publisher":"https:\/\/www.facebook.com\/haus.garten.weilermann","article_modified_time":"2020-12-03T10:45:15+00:00","og_image":[{"url":"https:\/\/pw.inetcompany.de\/wp-content\/uploads\/2020\/11\/80-768x1024.jpg"}],"twitter_card":"summary_large_image","twitter_misc":{"Gesch\u00e4tzte Lesezeit":"1\u00a0Minute"},"schema":{"@context":"https:\/\/schema.org","@graph":[{"@type":"WebPage","@id":"https:\/\/hg-weilermann.de\/?page_id=120","url":"https:\/\/hg-weilermann.de\/?page_id=120","name":"Minibagger 1,2t - Haus &amp; Garten Weilermann","isPartOf":{"@id":"https:\/\/hg-weilermann.de\/#website"},"datePublished":"2020-11-24T19:25:12+00:00","dateModified":"2020-12-03T10:45:15+00:00","breadcrumb":{"@id":"https:\/\/hg-weilermann.de\/?page_id=120#breadcrumb"},"inLanguage":"de","potentialAction":[{"@type":"ReadAction","target":["https:\/\/hg-weilermann.de\/?page_id=120"]}]},{"@type":"BreadcrumbList","@id":"https:\/\/hg-weilermann.de\/?page_id=120#breadcrumb","itemListElement":[{"@type":"ListItem","position":1,"name":"Startseite","item":"https:\/\/hg-weilermann.de\/"},{"@type":"ListItem","position":2,"name":"Minibagger 1,2t"}]},{"@type":"WebSite","@id":"https:\/\/hg-weilermann.de\/#website","url":"https:\/\/hg-weilermann.de\/","name":"Haus &amp; Garten Weilermann","description":"Ihr Partner f\u00fcr\u00b4s Handwerk","publisher":{"@id":"https:\/\/hg-weilermann.de\/#organization"},"potentialAction":[{"@type":"SearchAction","target":{"@type":"EntryPoint","urlTemplate":"https:\/\/hg-weilermann.de\/?s={search_term_string}"},"query-input":"required name=search_term_string"}],"inLanguage":"de"},{"@type":"Organization","@id":"https:\/\/hg-weilermann.de\/#organization","name":"Haus & Garten Weilermann","url":"https:\/\/hg-weilermann.de\/","logo":{"@type":"ImageObject","inLanguage":"de","@id":"https:\/\/hg-weilermann.de\/#\/schema\/logo\/image\/","url":"https:\/\/hg-weilermann.de\/wp-content\/uploads\/2022\/09\/Weilermann_Logo_weisser-schatten-Baeume-Fenster-mod.png","contentUrl":"https:\/\/hg-weilermann.de\/wp-content\/uploads\/2022\/09\/Weilermann_Logo_weisser-schatten-Baeume-Fenster-mod.png","width":3213,"height":1029,"caption":"Haus & Garten Weilermann"},"image":{"@id":"https:\/\/hg-weilermann.de\/#\/schema\/logo\/image\/"},"sameAs":["https:\/\/www.facebook.com\/haus.garten.weilermann"]}]}},"_links":{"self":[{"href":"https:\/\/hg-weilermann.de\/index.php?rest_route=\/wp\/v2\/pages\/120","targetHints":{"allow":["GET"]}}],"collection":[{"href":"https:\/\/hg-weilermann.de\/index.php?rest_route=\/wp\/v2\/pages"}],"about":[{"href":"https:\/\/hg-weilermann.de\/index.php?rest_route=\/wp\/v2\/types\/page"}],"author":[{"embeddable":true,"href":"https:\/\/hg-weilermann.de\/index.php?rest_route=\/wp\/v2\/users\/1"}],"replies":[{"embeddable":true,"href":"https:\/\/hg-weilermann.de\/index.php?rest_route=%2Fwp%2Fv2%2Fcomments&post=120"}],"version-history":[{"count":2,"href":"https:\/\/hg-weilermann.de\/index.php?rest_route=\/wp\/v2\/pages\/120\/revisions"}],"predecessor-version":[{"id":145,"href":"https:\/\/hg-weilermann.de\/index.php?rest_route=\/wp\/v2\/pages\/120\/revisions\/145"}],"wp:attachment":[{"href":"https:\/\/hg-weilermann.de\/index.php?rest_route=%2Fwp%2Fv2%2Fmedia&parent=120"}],"curies":[{"name":"wp","href":"https:\/\/api.w.org\/{rel}","templated":true}]}}